{"id":5058,"date":"2024-01-17T14:33:28","date_gmt":"2024-01-17T13:33:28","guid":{"rendered":"https:\/\/kurikulum.aidetem.cz\/medialne-vzdelavanie\/"},"modified":"2025-03-15T18:30:36","modified_gmt":"2025-03-15T17:30:36","slug":"medialne-vzdelavanie","status":"publish","type":"page","link":"https:\/\/kurikulum.aidetem.cz\/sk\/medialne-vzdelavanie\/","title":{"rendered":"Medi\u00e1lne vzdel\u00e1vanie"},"content":{"rendered":"\t\t<div data-elementor-type=\"wp-page\" data-elementor-id=\"5058\" class=\"elementor elementor-5058 elementor-1046\" data-elementor-post-type=\"page\">\n\t\t\t\t\t\t<section class=\"elementor-section elementor-top-section elementor-element elementor-element-643cc0fd elementor-section-boxed elementor-section-height-default elementor-section-height-default\" data-id=\"643cc0fd\" data-element_type=\"section\" data-e-type=\"section\">\n\t\t\t\t\t\t<div class=\"elementor-container elementor-column-gap-default\">\n\t\t\t\t\t<div class=\"elementor-column elementor-col-100 elementor-top-column elementor-element elementor-element-4b8d58de\" data-id=\"4b8d58de\" data-element_type=\"column\" data-e-type=\"column\">\n\t\t\t<div class=\"elementor-widget-wrap elementor-element-populated\">\n\t\t\t\t\t\t<div class=\"elementor-element elementor-element-3f1b1b59 elementor-hidden-mobile elementor-widget elementor-widget-spacer\" data-id=\"3f1b1b59\" data-element_type=\"widget\" data-e-type=\"widget\" data-widget_type=\"spacer.default\">\n\t\t\t\t<div class=\"elementor-widget-container\">\n\t\t\t\t\t\t\t<div class=\"elementor-spacer\">\n\t\t\t<div class=\"elementor-spacer-inner\"><\/div>\n\t\t<\/div>\n\t\t\t\t\t\t<\/div>\n\t\t\t\t<\/div>\n\t\t\t\t<div class=\"elementor-element elementor-element-15ec76dc elementor-widget elementor-widget-heading\" data-id=\"15ec76dc\" data-element_type=\"widget\" data-e-type=\"widget\" data-widget_type=\"heading.default\">\n\t\t\t\t<div class=\"elementor-widget-container\">\n\t\t\t\t\t<h1 class=\"elementor-heading-title elementor-size-default\">Umel\u00e1 inteligencia v medi\u00e1lnom vzdel\u00e1van\u00ed<\/h1>\t\t\t\t<\/div>\n\t\t\t\t<\/div>\n\t\t\t\t<div class=\"elementor-element elementor-element-2036012 elementor-widget__width-initial elementor-widget elementor-widget-heading\" data-id=\"2036012\" data-element_type=\"widget\" data-e-type=\"widget\" data-widget_type=\"heading.default\">\n\t\t\t\t<div class=\"elementor-widget-container\">\n\t\t\t\t\t<p class=\"elementor-heading-title elementor-size-default\">Online priestor sa st\u00e1va Plat\u00f3novou jasky\u0148ou 2.0. Vid\u00edme tiene reality, ktor\u00fa si vytv\u00e1rame vo svojich hlav\u00e1ch? Algoritmy strojov\u00e9ho u\u010denia, ktor\u00e9 stoja za odpor\u00fa\u010dac\u00edmi syst\u00e9mami na soci\u00e1lnych platform\u00e1ch, umo\u017e\u0148uj\u00fa komuko\u013evek presne zacieli\u0165 spr\u00e1vy na jednotlivcov alebo publikum. Stroje rozpozn\u00e1vaj\u00fa em\u00f3cie z textu, videa alebo obr\u00e1zkov. Existuj\u00fa aplik\u00e1cie, ktor\u00e9 dok\u00e1\u017eu kohoko\u013evek \u013eahko vyzliec\u0165, naklonova\u0165 jeho hlas a vlo\u017ei\u0165 mu do \u00fast vo videu veci, ktor\u00e9 by nikdy nepovedal. Pribl\u00ed\u017eme z\u00e1sadn\u00e9 t\u00e9my, ktor\u00e9 sa t\u00fdkaj\u00fa v\u00e4\u010d\u0161iny z n\u00e1s s de\u0165mi, v bezpe\u010dnom prostred\u00ed. Pri met\u00f3dach medi\u00e1lnej v\u00fdchovy odpor\u00fa\u010dame spolupr\u00e1cu pedag\u00f3ga, preventistu a \u0161kolsk\u00e9ho psychol\u00f3ga.    <\/p>\t\t\t\t<\/div>\n\t\t\t\t<\/div>\n\t\t\t\t<div class=\"elementor-element elementor-element-a68dd3 elementor-widget elementor-widget-spacer\" data-id=\"a68dd3\" data-element_type=\"widget\" data-e-type=\"widget\" data-widget_type=\"spacer.default\">\n\t\t\t\t<div class=\"elementor-widget-container\">\n\t\t\t\t\t\t\t<div class=\"elementor-spacer\">\n\t\t\t<div class=\"elementor-spacer-inner\"><\/div>\n\t\t<\/div>\n\t\t\t\t\t\t<\/div>\n\t\t\t\t<\/div>\n\t\t\t\t<div class=\"elementor-element elementor-element-96a9533 elementor-widget elementor-widget-heading\" data-id=\"96a9533\" data-element_type=\"widget\" data-e-type=\"widget\" data-widget_type=\"heading.default\">\n\t\t\t\t<div class=\"elementor-widget-container\">\n\t\t\t\t\t<h2 class=\"elementor-heading-title elementor-size-default\">Metodick\u00e9 materi\u00e1ly<\/h2>\t\t\t\t<\/div>\n\t\t\t\t<\/div>\n\t\t\t\t\t<\/div>\n\t\t<\/div>\n\t\t\t\t\t<\/div>\n\t\t<\/section>\n\t\t\t\t<section class=\"elementor-section elementor-top-section elementor-element elementor-element-82d2696 elementor-section-boxed elementor-section-height-default elementor-section-height-default\" data-id=\"82d2696\" data-element_type=\"section\" data-e-type=\"section\">\n\t\t\t\t\t\t<div class=\"elementor-container elementor-column-gap-default\">\n\t\t\t\t\t<div class=\"elementor-column elementor-col-100 elementor-top-column elementor-element elementor-element-8cf7424\" data-id=\"8cf7424\" data-element_type=\"column\" data-e-type=\"column\">\n\t\t\t<div class=\"elementor-widget-wrap elementor-element-populated\">\n\t\t\t\t\t\t<div class=\"elementor-element elementor-element-5a3eaaa elementor-widget elementor-widget-heading\" data-id=\"5a3eaaa\" data-element_type=\"widget\" data-e-type=\"widget\" data-widget_type=\"heading.default\">\n\t\t\t\t<div class=\"elementor-widget-container\">\n\t\t\t\t\t<h2 class=\"elementor-heading-title elementor-size-default\">\u00davodn\u00fd webin\u00e1r Umel\u00e1 inteligencia v medi\u00e1lnej v\u00fdchove<\/h2>\t\t\t\t<\/div>\n\t\t\t\t<\/div>\n\t\t\t\t<div class=\"elementor-element elementor-element-b7a23ac elementor-widget elementor-widget-video\" data-id=\"b7a23ac\" data-element_type=\"widget\" data-e-type=\"widget\" data-settings=\"{&quot;youtube_url&quot;:&quot;https:\\\/\\\/youtu.be\\\/VTWewY-GJ_Q?si=gYcdS3gw4B6BC7VB&quot;,&quot;video_type&quot;:&quot;youtube&quot;,&quot;controls&quot;:&quot;yes&quot;}\" data-widget_type=\"video.default\">\n\t\t\t\t<div class=\"elementor-widget-container\">\n\t\t\t\t\t\t\t<div class=\"elementor-wrapper elementor-open-inline\">\n\t\t\t<div class=\"elementor-video\"><\/div>\t\t<\/div>\n\t\t\t\t\t\t<\/div>\n\t\t\t\t<\/div>\n\t\t\t\t<div class=\"elementor-element elementor-element-4b664d54 elementor-widget elementor-widget-spacer\" data-id=\"4b664d54\" data-element_type=\"widget\" data-e-type=\"widget\" data-widget_type=\"spacer.default\">\n\t\t\t\t<div class=\"elementor-widget-container\">\n\t\t\t\t\t\t\t<div class=\"elementor-spacer\">\n\t\t\t<div class=\"elementor-spacer-inner\"><\/div>\n\t\t<\/div>\n\t\t\t\t\t\t<\/div>\n\t\t\t\t<\/div>\n\t\t\t\t<div class=\"elementor-element elementor-element-656affa0 elementor-align-left elementor-widget elementor-widget-button\" data-id=\"656affa0\" data-element_type=\"widget\" data-e-type=\"widget\" data-widget_type=\"button.default\">\n\t\t\t\t<div class=\"elementor-widget-container\">\n\t\t\t\t\t\t\t\t\t<div class=\"elementor-button-wrapper\">\n\t\t\t\t\t<a class=\"elementor-button elementor-button-link elementor-size-sm\" href=\"https:\/\/kurikulum.aidetem.cz\/vypis-vseho\/\">\n\t\t\t\t\t\t<span class=\"elementor-button-content-wrapper\">\n\t\t\t\t\t\t\t\t\t<span class=\"elementor-button-text\">Prejs\u0165 na zoznam v\u0161etk\u00fdch materi\u00e1lov<\/span>\n\t\t\t\t\t<\/span>\n\t\t\t\t\t<\/a>\n\t\t\t\t<\/div>\n\t\t\t\t\t\t\t\t<\/div>\n\t\t\t\t<\/div>\n\t\t\t\t\t<\/div>\n\t\t<\/div>\n\t\t\t\t\t<\/div>\n\t\t<\/section>\n\t\t\t\t<\/div>\n\t\t","protected":false},"excerpt":{"rendered":"<p>Umel\u00e1 inteligencia v medi\u00e1lnom vzdel\u00e1van\u00ed Online priestor sa st\u00e1va Plat\u00f3novou jasky\u0148ou 2.0. Vid\u00edme tiene reality, ktor\u00fa si vytv\u00e1rame vo svojich hlav\u00e1ch? Algoritmy strojov\u00e9ho u\u010denia, ktor\u00e9 stoja za odpor\u00fa\u010dac\u00edmi syst\u00e9mami na soci\u00e1lnych platform\u00e1ch, umo\u017e\u0148uj\u00fa komuko\u013evek presne zacieli\u0165 spr\u00e1vy na jednotlivcov alebo publikum. Stroje rozpozn\u00e1vaj\u00fa em\u00f3cie z textu, videa alebo obr\u00e1zkov. Existuj\u00fa aplik\u00e1cie, ktor\u00e9 dok\u00e1\u017eu kohoko\u013evek \u013eahko [&hellip;]<\/p>\n","protected":false},"author":1,"featured_media":0,"parent":0,"menu_order":0,"comment_status":"closed","ping_status":"closed","template":"","meta":{"footnotes":""},"class_list":["post-5058","page","type-page","status-publish","hentry"],"yoast_head":"<!-- This site is optimized with the Yoast SEO plugin v27.4 - https:\/\/yoast.com\/product\/yoast-seo-wordpress\/ -->\n<title>Umel\u00e1 inteligencia v medi\u00e1lnom vzdel\u00e1van\u00ed<\/title>\n<meta name=\"description\" content=\"Metodick\u00e9 materi\u00e1ly u\u010debn\u00fdch osnov umelej inteligencie pre z\u00e1kladn\u00e9 a stredn\u00e9 \u0161koly na vyu\u017eitie v medi\u00e1lnej v\u00fdchove. U\u010debn\u00e9 osnovy umelej inteligencie.\" \/>\n<meta name=\"robots\" content=\"index, follow, max-snippet:-1, max-image-preview:large, max-video-preview:-1\" \/>\n<link rel=\"canonical\" href=\"https:\/\/kurikulum.aidetem.cz\/sk\/medialne-vzdelavanie\/\" \/>\n<meta property=\"og:locale\" content=\"sk_SK\" \/>\n<meta property=\"og:type\" content=\"article\" \/>\n<meta property=\"og:title\" content=\"Umel\u00e1 inteligencia v medi\u00e1lnom vzdel\u00e1van\u00ed\" \/>\n<meta property=\"og:description\" content=\"Metodick\u00e9 materi\u00e1ly u\u010debn\u00fdch osnov umelej inteligencie pre z\u00e1kladn\u00e9 a stredn\u00e9 \u0161koly na vyu\u017eitie v medi\u00e1lnej v\u00fdchove. U\u010debn\u00e9 osnovy umelej inteligencie.\" \/>\n<meta property=\"og:url\" content=\"https:\/\/kurikulum.aidetem.cz\/sk\/medialne-vzdelavanie\/\" \/>\n<meta property=\"og:site_name\" content=\"Kurikulum um\u011bl\u00e9 inteligence pro z\u00e1kladn\u00ed a st\u0159edn\u00ed \u0161koly\" \/>\n<meta property=\"article:modified_time\" content=\"2025-03-15T17:30:36+00:00\" \/>\n<meta property=\"og:image\" content=\"https:\/\/kurikulum.aidetem.cz\/wp-content\/uploads\/2025\/01\/3-1024x538.png\" \/>\n<meta name=\"twitter:card\" content=\"summary_large_image\" \/>\n<meta name=\"twitter:label1\" content=\"Predpokladan\u00fd \u010das \u010d\u00edtania\" \/>\n\t<meta name=\"twitter:data1\" content=\"1 min\u00fata\" \/>\n<script type=\"application\/ld+json\" class=\"yoast-schema-graph\">{\"@context\":\"https:\\\/\\\/schema.org\",\"@graph\":[{\"@type\":\"WebPage\",\"@id\":\"https:\\\/\\\/kurikulum.aidetem.cz\\\/sk\\\/medialne-vzdelavanie\\\/\",\"url\":\"https:\\\/\\\/kurikulum.aidetem.cz\\\/sk\\\/medialne-vzdelavanie\\\/\",\"name\":\"Umel\u00e1 inteligencia v medi\u00e1lnom vzdel\u00e1van\u00ed\",\"isPartOf\":{\"@id\":\"https:\\\/\\\/kurikulum.aidetem.cz\\\/sk\\\/#website\"},\"datePublished\":\"2024-01-17T13:33:28+00:00\",\"dateModified\":\"2025-03-15T17:30:36+00:00\",\"description\":\"Metodick\u00e9 materi\u00e1ly u\u010debn\u00fdch osnov umelej inteligencie pre z\u00e1kladn\u00e9 a stredn\u00e9 \u0161koly na vyu\u017eitie v medi\u00e1lnej v\u00fdchove. U\u010debn\u00e9 osnovy umelej inteligencie.\",\"inLanguage\":\"sk-SK\",\"potentialAction\":[{\"@type\":\"ReadAction\",\"target\":[\"https:\\\/\\\/kurikulum.aidetem.cz\\\/sk\\\/medialne-vzdelavanie\\\/\"]}]},{\"@type\":\"WebSite\",\"@id\":\"https:\\\/\\\/kurikulum.aidetem.cz\\\/sk\\\/#website\",\"url\":\"https:\\\/\\\/kurikulum.aidetem.cz\\\/sk\\\/\",\"name\":\"Kurikulum um\u011bl\u00e9 inteligence pro z\u00e1kladn\u00ed a st\u0159edn\u00ed \u0161koly\",\"description\":\"AI kurikulum pro Z\u0160 a S\u0160\",\"potentialAction\":[{\"@type\":\"SearchAction\",\"target\":{\"@type\":\"EntryPoint\",\"urlTemplate\":\"https:\\\/\\\/kurikulum.aidetem.cz\\\/sk\\\/?s={search_term_string}\"},\"query-input\":{\"@type\":\"PropertyValueSpecification\",\"valueRequired\":true,\"valueName\":\"search_term_string\"}}],\"inLanguage\":\"sk-SK\"}]}<\/script>\n<!-- \/ Yoast SEO plugin. -->","yoast_head_json":{"title":"Umel\u00e1 inteligencia v medi\u00e1lnom vzdel\u00e1van\u00ed","description":"Metodick\u00e9 materi\u00e1ly u\u010debn\u00fdch osnov umelej inteligencie pre z\u00e1kladn\u00e9 a stredn\u00e9 \u0161koly na vyu\u017eitie v medi\u00e1lnej v\u00fdchove. U\u010debn\u00e9 osnovy umelej inteligencie.","robots":{"index":"index","follow":"follow","max-snippet":"max-snippet:-1","max-image-preview":"max-image-preview:large","max-video-preview":"max-video-preview:-1"},"canonical":"https:\/\/kurikulum.aidetem.cz\/sk\/medialne-vzdelavanie\/","og_locale":"sk_SK","og_type":"article","og_title":"Umel\u00e1 inteligencia v medi\u00e1lnom vzdel\u00e1van\u00ed","og_description":"Metodick\u00e9 materi\u00e1ly u\u010debn\u00fdch osnov umelej inteligencie pre z\u00e1kladn\u00e9 a stredn\u00e9 \u0161koly na vyu\u017eitie v medi\u00e1lnej v\u00fdchove. U\u010debn\u00e9 osnovy umelej inteligencie.","og_url":"https:\/\/kurikulum.aidetem.cz\/sk\/medialne-vzdelavanie\/","og_site_name":"Kurikulum um\u011bl\u00e9 inteligence pro z\u00e1kladn\u00ed a st\u0159edn\u00ed \u0161koly","article_modified_time":"2025-03-15T17:30:36+00:00","og_image":[{"url":"https:\/\/kurikulum.aidetem.cz\/wp-content\/uploads\/2025\/01\/3-1024x538.png","type":"","width":"","height":""}],"twitter_card":"summary_large_image","twitter_misc":{"Predpokladan\u00fd \u010das \u010d\u00edtania":"1 min\u00fata"},"schema":{"@context":"https:\/\/schema.org","@graph":[{"@type":"WebPage","@id":"https:\/\/kurikulum.aidetem.cz\/sk\/medialne-vzdelavanie\/","url":"https:\/\/kurikulum.aidetem.cz\/sk\/medialne-vzdelavanie\/","name":"Umel\u00e1 inteligencia v medi\u00e1lnom vzdel\u00e1van\u00ed","isPartOf":{"@id":"https:\/\/kurikulum.aidetem.cz\/sk\/#website"},"datePublished":"2024-01-17T13:33:28+00:00","dateModified":"2025-03-15T17:30:36+00:00","description":"Metodick\u00e9 materi\u00e1ly u\u010debn\u00fdch osnov umelej inteligencie pre z\u00e1kladn\u00e9 a stredn\u00e9 \u0161koly na vyu\u017eitie v medi\u00e1lnej v\u00fdchove. U\u010debn\u00e9 osnovy umelej inteligencie.","inLanguage":"sk-SK","potentialAction":[{"@type":"ReadAction","target":["https:\/\/kurikulum.aidetem.cz\/sk\/medialne-vzdelavanie\/"]}]},{"@type":"WebSite","@id":"https:\/\/kurikulum.aidetem.cz\/sk\/#website","url":"https:\/\/kurikulum.aidetem.cz\/sk\/","name":"Kurikulum um\u011bl\u00e9 inteligence pro z\u00e1kladn\u00ed a st\u0159edn\u00ed \u0161koly","description":"AI kurikulum pro Z\u0160 a S\u0160","potentialAction":[{"@type":"SearchAction","target":{"@type":"EntryPoint","urlTemplate":"https:\/\/kurikulum.aidetem.cz\/sk\/?s={search_term_string}"},"query-input":{"@type":"PropertyValueSpecification","valueRequired":true,"valueName":"search_term_string"}}],"inLanguage":"sk-SK"}]}},"_links":{"self":[{"href":"https:\/\/kurikulum.aidetem.cz\/sk\/wp-json\/wp\/v2\/pages\/5058","targetHints":{"allow":["GET"]}}],"collection":[{"href":"https:\/\/kurikulum.aidetem.cz\/sk\/wp-json\/wp\/v2\/pages"}],"about":[{"href":"https:\/\/kurikulum.aidetem.cz\/sk\/wp-json\/wp\/v2\/types\/page"}],"author":[{"embeddable":true,"href":"https:\/\/kurikulum.aidetem.cz\/sk\/wp-json\/wp\/v2\/users\/1"}],"replies":[{"embeddable":true,"href":"https:\/\/kurikulum.aidetem.cz\/sk\/wp-json\/wp\/v2\/comments?post=5058"}],"version-history":[{"count":1,"href":"https:\/\/kurikulum.aidetem.cz\/sk\/wp-json\/wp\/v2\/pages\/5058\/revisions"}],"predecessor-version":[{"id":5061,"href":"https:\/\/kurikulum.aidetem.cz\/sk\/wp-json\/wp\/v2\/pages\/5058\/revisions\/5061"}],"wp:attachment":[{"href":"https:\/\/kurikulum.aidetem.cz\/sk\/wp-json\/wp\/v2\/media?parent=5058"}],"curies":[{"name":"wp","href":"https:\/\/api.w.org\/{rel}","templated":true}]}}