{"id":5018,"date":"2025-01-05T11:04:57","date_gmt":"2025-01-05T10:04:57","guid":{"rendered":"https:\/\/kurikulum.aidetem.cz\/humanitne-predmety\/"},"modified":"2025-03-15T18:30:32","modified_gmt":"2025-03-15T17:30:32","slug":"humanitne-predmety","status":"publish","type":"page","link":"https:\/\/kurikulum.aidetem.cz\/sk\/humanitne-predmety\/","title":{"rendered":"Humanitn\u00e9 predmety"},"content":{"rendered":"\t\t<div data-elementor-type=\"wp-page\" data-elementor-id=\"5018\" class=\"elementor elementor-5018 elementor-3606\" data-elementor-post-type=\"page\">\n\t\t\t\t\t\t<section class=\"elementor-section elementor-top-section elementor-element elementor-element-6e00a63e elementor-section-boxed elementor-section-height-default elementor-section-height-default\" data-id=\"6e00a63e\" data-element_type=\"section\" data-e-type=\"section\">\n\t\t\t\t\t\t<div class=\"elementor-container elementor-column-gap-default\">\n\t\t\t\t\t<div class=\"elementor-column elementor-col-100 elementor-top-column elementor-element elementor-element-632a6ec1\" data-id=\"632a6ec1\" data-element_type=\"column\" data-e-type=\"column\">\n\t\t\t<div class=\"elementor-widget-wrap elementor-element-populated\">\n\t\t\t\t\t\t<div class=\"elementor-element elementor-element-7ade0575 elementor-hidden-mobile elementor-widget elementor-widget-spacer\" data-id=\"7ade0575\" data-element_type=\"widget\" data-e-type=\"widget\" data-widget_type=\"spacer.default\">\n\t\t\t\t<div class=\"elementor-widget-container\">\n\t\t\t\t\t\t\t<div class=\"elementor-spacer\">\n\t\t\t<div class=\"elementor-spacer-inner\"><\/div>\n\t\t<\/div>\n\t\t\t\t\t\t<\/div>\n\t\t\t\t<\/div>\n\t\t\t\t<div class=\"elementor-element elementor-element-171f7a8c elementor-widget elementor-widget-heading\" data-id=\"171f7a8c\" data-element_type=\"widget\" data-e-type=\"widget\" data-widget_type=\"heading.default\">\n\t\t\t\t<div class=\"elementor-widget-container\">\n\t\t\t\t\t<h1 class=\"elementor-heading-title elementor-size-default\">Umel\u00e1 inteligencia v humanitn\u00fdch ved\u00e1ch<\/h1>\t\t\t\t<\/div>\n\t\t\t\t<\/div>\n\t\t\t\t<div class=\"elementor-element elementor-element-67b4449e elementor-widget elementor-widget-heading\" data-id=\"67b4449e\" data-element_type=\"widget\" data-e-type=\"widget\" data-widget_type=\"heading.default\">\n\t\t\t\t<div class=\"elementor-widget-container\">\n\t\t\t\t\t<h4 class=\"elementor-heading-title elementor-size-default\">Zatia\u013e \u010do v informatike sa u\u010debn\u00e9 osnovy AI zameriavaj\u00fa na vysvetlenie z\u00e1kladn\u00fdch teoretick\u00fdch r\u00e1mcov fungovania umelej inteligencie a strojov\u00e9ho u\u010denia (AI ako technologick\u00fd koncept), materi\u00e1ly na rozvoj digit\u00e1lnych kompetenci\u00ed klad\u00fa d\u00f4raz na soci\u00e1lne d\u00f4sledky tejto technol\u00f3gie, etiku a medi\u00e1lnu gramotnos\u0165 (AI ako sociotechnick\u00fd koncept) spolu s rozvojom zru\u010dnost\u00ed pri pr\u00e1ci s aplik\u00e1ciami AI.  <\/h4>\t\t\t\t<\/div>\n\t\t\t\t<\/div>\n\t\t\t\t<div class=\"elementor-element elementor-element-6481d5d2 elementor-widget elementor-widget-heading\" data-id=\"6481d5d2\" data-element_type=\"widget\" data-e-type=\"widget\" data-widget_type=\"heading.default\">\n\t\t\t\t<div class=\"elementor-widget-container\">\n\t\t\t\t\t<h2 class=\"elementor-heading-title elementor-size-default\">Metodick\u00e9 materi\u00e1ly<\/h2>\t\t\t\t<\/div>\n\t\t\t\t<\/div>\n\t\t\t\t<div class=\"elementor-element elementor-element-41d38924 elementor-widget elementor-widget-heading\" data-id=\"41d38924\" data-element_type=\"widget\" data-e-type=\"widget\" data-widget_type=\"heading.default\">\n\t\t\t\t<div class=\"elementor-widget-container\">\n\t\t\t\t\t<p class=\"elementor-heading-title elementor-size-default\">Metodick\u00e9 materi\u00e1ly s\u00fa st\u00e1le v r\u00f4znych \u0161t\u00e1di\u00e1ch pilotovania a niektor\u00e9 e\u0161te nepre\u0161li korekt\u00farou. Preto v\u00e1s pros\u00edme o zhovievavos\u0165 a budeme v\u00e1m ve\u013emi v\u010fa\u010dn\u00ed za <a href=\"https:\/\/forms.gle\/WyFN2k3PvHz6oyhF6\" target=\"_blank\"><u>sp\u00e4tn\u00fa v\u00e4zbu<\/u><\/a>!   <\/p>\t\t\t\t<\/div>\n\t\t\t\t<\/div>\n\t\t\t\t<div class=\"elementor-element elementor-element-22734b15 elementor-widget elementor-widget-spacer\" data-id=\"22734b15\" data-element_type=\"widget\" data-e-type=\"widget\" data-widget_type=\"spacer.default\">\n\t\t\t\t<div class=\"elementor-widget-container\">\n\t\t\t\t\t\t\t<div class=\"elementor-spacer\">\n\t\t\t<div class=\"elementor-spacer-inner\"><\/div>\n\t\t<\/div>\n\t\t\t\t\t\t<\/div>\n\t\t\t\t<\/div>\n\t\t\t\t\t<\/div>\n\t\t<\/div>\n\t\t\t\t\t<\/div>\n\t\t<\/section>\n\t\t\t\t<section class=\"elementor-section elementor-top-section elementor-element elementor-element-64187148 elementor-section-full_width elementor-section-height-default elementor-section-height-default\" data-id=\"64187148\" data-element_type=\"section\" data-e-type=\"section\">\n\t\t\t\t\t\t<div class=\"elementor-container elementor-column-gap-narrow\">\n\t\t\t\t\t<div class=\"elementor-column elementor-col-100 elementor-top-column elementor-element elementor-element-3351229\" data-id=\"3351229\" data-element_type=\"column\" data-e-type=\"column\">\n\t\t\t<div class=\"elementor-widget-wrap elementor-element-populated\">\n\t\t\t\t\t\t\t<\/div>\n\t\t<\/div>\n\t\t\t\t\t<\/div>\n\t\t<\/section>\n\t\t\t\t<section class=\"elementor-section elementor-top-section elementor-element elementor-element-820edcc elementor-section-boxed elementor-section-height-default elementor-section-height-default\" data-id=\"820edcc\" data-element_type=\"section\" data-e-type=\"section\">\n\t\t\t\t\t\t<div class=\"elementor-container elementor-column-gap-default\">\n\t\t\t\t\t<div class=\"elementor-column elementor-col-100 elementor-top-column elementor-element elementor-element-07ec1fc\" data-id=\"07ec1fc\" data-element_type=\"column\" data-e-type=\"column\">\n\t\t\t<div class=\"elementor-widget-wrap elementor-element-populated\">\n\t\t\t\t\t\t<div class=\"elementor-element elementor-element-568b75a elementor-widget elementor-widget-heading\" data-id=\"568b75a\" data-element_type=\"widget\" data-e-type=\"widget\" data-widget_type=\"heading.default\">\n\t\t\t\t<div class=\"elementor-widget-container\">\n\t\t\t\t\t<h2 class=\"elementor-heading-title elementor-size-default\">\u00davodn\u00fd webin\u00e1r Umel\u00e1 inteligencia v humanitn\u00fdch ved\u00e1ch<\/h2>\t\t\t\t<\/div>\n\t\t\t\t<\/div>\n\t\t\t\t<div class=\"elementor-element elementor-element-124dd28 elementor-widget elementor-widget-video\" data-id=\"124dd28\" data-element_type=\"widget\" data-e-type=\"widget\" data-settings=\"{&quot;youtube_url&quot;:&quot;https:\\\/\\\/youtu.be\\\/LpgLGkOyQnQ?si=k7FVnS8UfKVSJftx&quot;,&quot;video_type&quot;:&quot;youtube&quot;,&quot;controls&quot;:&quot;yes&quot;}\" data-widget_type=\"video.default\">\n\t\t\t\t<div class=\"elementor-widget-container\">\n\t\t\t\t\t\t\t<div class=\"elementor-wrapper elementor-open-inline\">\n\t\t\t<div class=\"elementor-video\"><\/div>\t\t<\/div>\n\t\t\t\t\t\t<\/div>\n\t\t\t\t<\/div>\n\t\t\t\t<div class=\"elementor-element elementor-element-2c020ad elementor-widget elementor-widget-spacer\" data-id=\"2c020ad\" data-element_type=\"widget\" data-e-type=\"widget\" data-widget_type=\"spacer.default\">\n\t\t\t\t<div class=\"elementor-widget-container\">\n\t\t\t\t\t\t\t<div class=\"elementor-spacer\">\n\t\t\t<div class=\"elementor-spacer-inner\"><\/div>\n\t\t<\/div>\n\t\t\t\t\t\t<\/div>\n\t\t\t\t<\/div>\n\t\t\t\t<div class=\"elementor-element elementor-element-a562473 elementor-align-left elementor-widget elementor-widget-button\" data-id=\"a562473\" data-element_type=\"widget\" data-e-type=\"widget\" data-widget_type=\"button.default\">\n\t\t\t\t<div class=\"elementor-widget-container\">\n\t\t\t\t\t\t\t\t\t<div class=\"elementor-button-wrapper\">\n\t\t\t\t\t<a class=\"elementor-button elementor-button-link elementor-size-sm\" href=\"https:\/\/kurikulum.aidetem.cz\/vypis-vseho\/\">\n\t\t\t\t\t\t<span class=\"elementor-button-content-wrapper\">\n\t\t\t\t\t\t\t\t\t<span class=\"elementor-button-text\">Prejs\u0165 na zoznam v\u0161etk\u00fdch materi\u00e1lov<\/span>\n\t\t\t\t\t<\/span>\n\t\t\t\t\t<\/a>\n\t\t\t\t<\/div>\n\t\t\t\t\t\t\t\t<\/div>\n\t\t\t\t<\/div>\n\t\t\t\t\t<\/div>\n\t\t<\/div>\n\t\t\t\t\t<\/div>\n\t\t<\/section>\n\t\t\t\t<\/div>\n\t\t","protected":false},"excerpt":{"rendered":"<p>Umel\u00e1 inteligencia v humanitn\u00fdch ved\u00e1ch Zatia\u013e \u010do v informatike sa u\u010debn\u00e9 osnovy AI zameriavaj\u00fa na vysvetlenie z\u00e1kladn\u00fdch teoretick\u00fdch r\u00e1mcov fungovania umelej inteligencie a strojov\u00e9ho u\u010denia (AI ako technologick\u00fd koncept), materi\u00e1ly na rozvoj digit\u00e1lnych kompetenci\u00ed klad\u00fa d\u00f4raz na soci\u00e1lne d\u00f4sledky tejto technol\u00f3gie, etiku a medi\u00e1lnu gramotnos\u0165 (AI ako sociotechnick\u00fd koncept) spolu s rozvojom zru\u010dnost\u00ed pri pr\u00e1ci [&hellip;]<\/p>\n","protected":false},"author":1,"featured_media":0,"parent":0,"menu_order":0,"comment_status":"closed","ping_status":"closed","template":"","meta":{"footnotes":""},"class_list":["post-5018","page","type-page","status-publish","hentry"],"yoast_head":"<!-- This site is optimized with the Yoast SEO plugin v27.6 - https:\/\/yoast.com\/product\/yoast-seo-wordpress\/ -->\n<title>Umel\u00e1 inteligencia v humanitn\u00fdch ved\u00e1ch<\/title>\n<meta name=\"description\" content=\"Metodick\u00e9 materi\u00e1ly U\u010debn\u00e9 osnovy umelej inteligencie pre z\u00e1kladn\u00e9 a stredn\u00e9 \u0161koly na vyu\u017eitie v humanitn\u00fdch predmetoch. U\u010debn\u00e9 osnovy umelej inteligencie.\" \/>\n<meta name=\"robots\" content=\"index, follow, max-snippet:-1, max-image-preview:large, max-video-preview:-1\" \/>\n<link rel=\"canonical\" href=\"https:\/\/kurikulum.aidetem.cz\/sk\/humanitne-predmety\/\" \/>\n<meta property=\"og:locale\" content=\"sk_SK\" \/>\n<meta property=\"og:type\" content=\"article\" \/>\n<meta property=\"og:title\" content=\"Umel\u00e1 inteligencia v humanitn\u00fdch ved\u00e1ch\" \/>\n<meta property=\"og:description\" content=\"Metodick\u00e9 materi\u00e1ly U\u010debn\u00e9 osnovy umelej inteligencie pre z\u00e1kladn\u00e9 a stredn\u00e9 \u0161koly na vyu\u017eitie v humanitn\u00fdch predmetoch. U\u010debn\u00e9 osnovy umelej inteligencie.\" \/>\n<meta property=\"og:url\" content=\"https:\/\/kurikulum.aidetem.cz\/sk\/humanitne-predmety\/\" \/>\n<meta property=\"og:site_name\" content=\"Kurikulum um\u011bl\u00e9 inteligence pro z\u00e1kladn\u00ed a st\u0159edn\u00ed \u0161koly\" \/>\n<meta property=\"article:modified_time\" content=\"2025-03-15T17:30:32+00:00\" \/>\n<meta property=\"og:image\" content=\"https:\/\/kurikulum.aidetem.cz\/wp-content\/uploads\/2025\/01\/2-1024x538.png\" \/>\n<meta name=\"twitter:card\" content=\"summary_large_image\" \/>\n<meta name=\"twitter:label1\" content=\"Predpokladan\u00fd \u010das \u010d\u00edtania\" \/>\n\t<meta name=\"twitter:data1\" content=\"1 min\u00fata\" \/>\n<script type=\"application\/ld+json\" class=\"yoast-schema-graph\">{\"@context\":\"https:\\\/\\\/schema.org\",\"@graph\":[{\"@type\":\"WebPage\",\"@id\":\"https:\\\/\\\/kurikulum.aidetem.cz\\\/sk\\\/humanitne-predmety\\\/\",\"url\":\"https:\\\/\\\/kurikulum.aidetem.cz\\\/sk\\\/humanitne-predmety\\\/\",\"name\":\"Umel\u00e1 inteligencia v humanitn\u00fdch ved\u00e1ch\",\"isPartOf\":{\"@id\":\"https:\\\/\\\/kurikulum.aidetem.cz\\\/sk\\\/#website\"},\"datePublished\":\"2025-01-05T10:04:57+00:00\",\"dateModified\":\"2025-03-15T17:30:32+00:00\",\"description\":\"Metodick\u00e9 materi\u00e1ly U\u010debn\u00e9 osnovy umelej inteligencie pre z\u00e1kladn\u00e9 a stredn\u00e9 \u0161koly na vyu\u017eitie v humanitn\u00fdch predmetoch. U\u010debn\u00e9 osnovy umelej inteligencie.\",\"inLanguage\":\"sk-SK\",\"potentialAction\":[{\"@type\":\"ReadAction\",\"target\":[\"https:\\\/\\\/kurikulum.aidetem.cz\\\/sk\\\/humanitne-predmety\\\/\"]}]},{\"@type\":\"WebSite\",\"@id\":\"https:\\\/\\\/kurikulum.aidetem.cz\\\/sk\\\/#website\",\"url\":\"https:\\\/\\\/kurikulum.aidetem.cz\\\/sk\\\/\",\"name\":\"Kurikulum um\u011bl\u00e9 inteligence pro z\u00e1kladn\u00ed a st\u0159edn\u00ed \u0161koly\",\"description\":\"AI kurikulum pro Z\u0160 a S\u0160\",\"potentialAction\":[{\"@type\":\"SearchAction\",\"target\":{\"@type\":\"EntryPoint\",\"urlTemplate\":\"https:\\\/\\\/kurikulum.aidetem.cz\\\/sk\\\/?s={search_term_string}\"},\"query-input\":{\"@type\":\"PropertyValueSpecification\",\"valueRequired\":true,\"valueName\":\"search_term_string\"}}],\"inLanguage\":\"sk-SK\"}]}<\/script>\n<!-- \/ Yoast SEO plugin. -->","yoast_head_json":{"title":"Umel\u00e1 inteligencia v humanitn\u00fdch ved\u00e1ch","description":"Metodick\u00e9 materi\u00e1ly U\u010debn\u00e9 osnovy umelej inteligencie pre z\u00e1kladn\u00e9 a stredn\u00e9 \u0161koly na vyu\u017eitie v humanitn\u00fdch predmetoch. U\u010debn\u00e9 osnovy umelej inteligencie.","robots":{"index":"index","follow":"follow","max-snippet":"max-snippet:-1","max-image-preview":"max-image-preview:large","max-video-preview":"max-video-preview:-1"},"canonical":"https:\/\/kurikulum.aidetem.cz\/sk\/humanitne-predmety\/","og_locale":"sk_SK","og_type":"article","og_title":"Umel\u00e1 inteligencia v humanitn\u00fdch ved\u00e1ch","og_description":"Metodick\u00e9 materi\u00e1ly U\u010debn\u00e9 osnovy umelej inteligencie pre z\u00e1kladn\u00e9 a stredn\u00e9 \u0161koly na vyu\u017eitie v humanitn\u00fdch predmetoch. U\u010debn\u00e9 osnovy umelej inteligencie.","og_url":"https:\/\/kurikulum.aidetem.cz\/sk\/humanitne-predmety\/","og_site_name":"Kurikulum um\u011bl\u00e9 inteligence pro z\u00e1kladn\u00ed a st\u0159edn\u00ed \u0161koly","article_modified_time":"2025-03-15T17:30:32+00:00","og_image":[{"url":"https:\/\/kurikulum.aidetem.cz\/wp-content\/uploads\/2025\/01\/2-1024x538.png","type":"","width":"","height":""}],"twitter_card":"summary_large_image","twitter_misc":{"Predpokladan\u00fd \u010das \u010d\u00edtania":"1 min\u00fata"},"schema":{"@context":"https:\/\/schema.org","@graph":[{"@type":"WebPage","@id":"https:\/\/kurikulum.aidetem.cz\/sk\/humanitne-predmety\/","url":"https:\/\/kurikulum.aidetem.cz\/sk\/humanitne-predmety\/","name":"Umel\u00e1 inteligencia v humanitn\u00fdch ved\u00e1ch","isPartOf":{"@id":"https:\/\/kurikulum.aidetem.cz\/sk\/#website"},"datePublished":"2025-01-05T10:04:57+00:00","dateModified":"2025-03-15T17:30:32+00:00","description":"Metodick\u00e9 materi\u00e1ly U\u010debn\u00e9 osnovy umelej inteligencie pre z\u00e1kladn\u00e9 a stredn\u00e9 \u0161koly na vyu\u017eitie v humanitn\u00fdch predmetoch. U\u010debn\u00e9 osnovy umelej inteligencie.","inLanguage":"sk-SK","potentialAction":[{"@type":"ReadAction","target":["https:\/\/kurikulum.aidetem.cz\/sk\/humanitne-predmety\/"]}]},{"@type":"WebSite","@id":"https:\/\/kurikulum.aidetem.cz\/sk\/#website","url":"https:\/\/kurikulum.aidetem.cz\/sk\/","name":"Kurikulum um\u011bl\u00e9 inteligence pro z\u00e1kladn\u00ed a st\u0159edn\u00ed \u0161koly","description":"AI kurikulum pro Z\u0160 a S\u0160","potentialAction":[{"@type":"SearchAction","target":{"@type":"EntryPoint","urlTemplate":"https:\/\/kurikulum.aidetem.cz\/sk\/?s={search_term_string}"},"query-input":{"@type":"PropertyValueSpecification","valueRequired":true,"valueName":"search_term_string"}}],"inLanguage":"sk-SK"}]}},"_links":{"self":[{"href":"https:\/\/kurikulum.aidetem.cz\/sk\/wp-json\/wp\/v2\/pages\/5018","targetHints":{"allow":["GET"]}}],"collection":[{"href":"https:\/\/kurikulum.aidetem.cz\/sk\/wp-json\/wp\/v2\/pages"}],"about":[{"href":"https:\/\/kurikulum.aidetem.cz\/sk\/wp-json\/wp\/v2\/types\/page"}],"author":[{"embeddable":true,"href":"https:\/\/kurikulum.aidetem.cz\/sk\/wp-json\/wp\/v2\/users\/1"}],"replies":[{"embeddable":true,"href":"https:\/\/kurikulum.aidetem.cz\/sk\/wp-json\/wp\/v2\/comments?post=5018"}],"version-history":[{"count":1,"href":"https:\/\/kurikulum.aidetem.cz\/sk\/wp-json\/wp\/v2\/pages\/5018\/revisions"}],"predecessor-version":[{"id":5030,"href":"https:\/\/kurikulum.aidetem.cz\/sk\/wp-json\/wp\/v2\/pages\/5018\/revisions\/5030"}],"wp:attachment":[{"href":"https:\/\/kurikulum.aidetem.cz\/sk\/wp-json\/wp\/v2\/media?parent=5018"}],"curies":[{"name":"wp","href":"https:\/\/api.w.org\/{rel}","templated":true}]}}