{"id":5017,"date":"2024-07-05T09:15:21","date_gmt":"2024-07-05T07:15:21","guid":{"rendered":"https:\/\/kurikulum.aidetem.cz\/zoznam-vsetkeho\/"},"modified":"2025-03-15T18:30:36","modified_gmt":"2025-03-15T17:30:36","slug":"zoznam-vsetkeho","status":"publish","type":"page","link":"https:\/\/kurikulum.aidetem.cz\/sk\/zoznam-vsetkeho\/","title":{"rendered":"Zoznam v\u0161etk\u00e9ho"},"content":{"rendered":"\t\t<div data-elementor-type=\"wp-page\" data-elementor-id=\"5017\" class=\"elementor elementor-5017 elementor-2360\" data-elementor-post-type=\"page\">\n\t\t\t\t\t\t<section class=\"elementor-section elementor-top-section elementor-element elementor-element-aa6ff16 elementor-section-stretched elementor-section-boxed elementor-section-height-default elementor-section-height-default\" data-id=\"aa6ff16\" data-element_type=\"section\" data-e-type=\"section\" data-settings=\"{&quot;stretch_section&quot;:&quot;section-stretched&quot;,&quot;background_background&quot;:&quot;gradient&quot;}\">\n\t\t\t\t\t\t\t<div class=\"elementor-background-overlay\"><\/div>\n\t\t\t\t\t\t\t<div class=\"elementor-container elementor-column-gap-default\">\n\t\t\t\t\t<div class=\"elementor-column elementor-col-100 elementor-top-column elementor-element elementor-element-55fe48e\" data-id=\"55fe48e\" data-element_type=\"column\" data-e-type=\"column\">\n\t\t\t<div class=\"elementor-widget-wrap elementor-element-populated\">\n\t\t\t\t\t\t<div class=\"elementor-element elementor-element-cd5f606 elementor-widget elementor-widget-manual-searchbox\" data-id=\"cd5f606\" data-element_type=\"widget\" data-e-type=\"widget\" data-widget_type=\"manual-searchbox.default\">\n\t\t\t\t<div class=\"elementor-widget-container\">\n\t\t\t\t\t<div class=\"elementor_themeoption_search\"><input type=\"hidden\" id=\"oldplacvalue\" value=\"Jakou metodiku hled\u00e1te? Zadejte p\u0159edm\u011bt nebo t\u00e9ma...\"><form role=\"search\" method=\"get\" id=\"searchform\" class=\"searchform\" action=\"https:\/\/kurikulum.aidetem.cz\/sk\/\"><i class=\"fa fa-search livesearch\"><\/i> <div class=\"form-group\"><input type=\"text\"  placeholder=\"Jakou metodiku hled\u00e1te? Zadejte p\u0159edm\u011bt nebo t\u00e9ma...\" value=\"\" name=\"s\" id=\"s\" class=\"form-control header-search  \" \/><input type=\"hidden\" value=\"\" name=\"post_type\" id=\"search_post_type\"><input type=\"submit\" class=\" button button-custom\" value=\"Jdi\"><\/div><\/form><\/div>\t\t\t\t<\/div>\n\t\t\t\t<\/div>\n\t\t\t\t\t<\/div>\n\t\t<\/div>\n\t\t\t\t\t<\/div>\n\t\t<\/section>\n\t\t\t\t<section class=\"elementor-section elementor-top-section elementor-element elementor-element-5b79ac9 elementor-section-boxed elementor-section-height-default elementor-section-height-default\" data-id=\"5b79ac9\" data-element_type=\"section\" data-e-type=\"section\">\n\t\t\t\t\t\t<div class=\"elementor-container elementor-column-gap-default\">\n\t\t\t\t\t<div class=\"elementor-column elementor-col-100 elementor-top-column elementor-element elementor-element-f9ac598\" data-id=\"f9ac598\" data-element_type=\"column\" data-e-type=\"column\">\n\t\t\t<div class=\"elementor-widget-wrap elementor-element-populated\">\n\t\t\t\t\t\t<div class=\"elementor-element elementor-element-3e7ff0e elementor-widget elementor-widget-spacer\" data-id=\"3e7ff0e\" data-element_type=\"widget\" data-e-type=\"widget\" data-widget_type=\"spacer.default\">\n\t\t\t\t<div class=\"elementor-widget-container\">\n\t\t\t\t\t\t\t<div class=\"elementor-spacer\">\n\t\t\t<div class=\"elementor-spacer-inner\"><\/div>\n\t\t<\/div>\n\t\t\t\t\t\t<\/div>\n\t\t\t\t<\/div>\n\t\t\t\t<div class=\"elementor-element elementor-element-61ca8a1 elementor-widget elementor-widget-heading\" data-id=\"61ca8a1\" data-element_type=\"widget\" data-e-type=\"widget\" data-widget_type=\"heading.default\">\n\t\t\t\t<div class=\"elementor-widget-container\">\n\t\t\t\t\t<h3 class=\"elementor-heading-title elementor-size-default\">Umel\u00e1 inteligencia v informatike na \u00farovni 1 <\/h3>\t\t\t\t<\/div>\n\t\t\t\t<\/div>\n\t\t\t\t<div class=\"elementor-element elementor-element-34d726d elementor-widget elementor-widget-spacer\" data-id=\"34d726d\" data-element_type=\"widget\" data-e-type=\"widget\" data-widget_type=\"spacer.default\">\n\t\t\t\t<div class=\"elementor-widget-container\">\n\t\t\t\t\t\t\t<div class=\"elementor-spacer\">\n\t\t\t<div class=\"elementor-spacer-inner\"><\/div>\n\t\t<\/div>\n\t\t\t\t\t\t<\/div>\n\t\t\t\t<\/div>\n\t\t\t\t<div class=\"elementor-element elementor-element-121df20 elementor-widget elementor-widget-heading\" data-id=\"121df20\" data-element_type=\"widget\" data-e-type=\"widget\" data-widget_type=\"heading.default\">\n\t\t\t\t<div class=\"elementor-widget-container\">\n\t\t\t\t\t<h3 class=\"elementor-heading-title elementor-size-default\">Umel\u00e1 inteligencia v informatike na stredn\u00fdch \u0161kol\u00e1ch a gymn\u00e1zi\u00e1ch <\/h3>\t\t\t\t<\/div>\n\t\t\t\t<\/div>\n\t\t\t\t<div class=\"elementor-element elementor-element-b7f9f3c elementor-widget elementor-widget-spacer\" data-id=\"b7f9f3c\" data-element_type=\"widget\" data-e-type=\"widget\" data-widget_type=\"spacer.default\">\n\t\t\t\t<div class=\"elementor-widget-container\">\n\t\t\t\t\t\t\t<div class=\"elementor-spacer\">\n\t\t\t<div class=\"elementor-spacer-inner\"><\/div>\n\t\t<\/div>\n\t\t\t\t\t\t<\/div>\n\t\t\t\t<\/div>\n\t\t\t\t<div class=\"elementor-element elementor-element-df30201 elementor-widget elementor-widget-heading\" data-id=\"df30201\" data-element_type=\"widget\" data-e-type=\"widget\" data-widget_type=\"heading.default\">\n\t\t\t\t<div class=\"elementor-widget-container\">\n\t\t\t\t\t<h3 class=\"elementor-heading-title elementor-size-default\">Projektov\u00e9 metodiky a pracovn\u00e9 h\u00e1rky<\/h3>\t\t\t\t<\/div>\n\t\t\t\t<\/div>\n\t\t\t\t<div class=\"elementor-element elementor-element-77d612c elementor-widget elementor-widget-spacer\" data-id=\"77d612c\" data-element_type=\"widget\" data-e-type=\"widget\" data-widget_type=\"spacer.default\">\n\t\t\t\t<div class=\"elementor-widget-container\">\n\t\t\t\t\t\t\t<div class=\"elementor-spacer\">\n\t\t\t<div class=\"elementor-spacer-inner\"><\/div>\n\t\t<\/div>\n\t\t\t\t\t\t<\/div>\n\t\t\t\t<\/div>\n\t\t\t\t<div class=\"elementor-element elementor-element-3fb1265 elementor-widget elementor-widget-heading\" data-id=\"3fb1265\" data-element_type=\"widget\" data-e-type=\"widget\" data-widget_type=\"heading.default\">\n\t\t\t\t<div class=\"elementor-widget-container\">\n\t\t\t\t\t<h3 class=\"elementor-heading-title elementor-size-default\">Medi\u00e1lne vzdel\u00e1vanie<\/h3>\t\t\t\t<\/div>\n\t\t\t\t<\/div>\n\t\t\t\t<div class=\"elementor-element elementor-element-2c220c4 elementor-widget elementor-widget-spacer\" data-id=\"2c220c4\" data-element_type=\"widget\" data-e-type=\"widget\" data-widget_type=\"spacer.default\">\n\t\t\t\t<div class=\"elementor-widget-container\">\n\t\t\t\t\t\t\t<div class=\"elementor-spacer\">\n\t\t\t<div class=\"elementor-spacer-inner\"><\/div>\n\t\t<\/div>\n\t\t\t\t\t\t<\/div>\n\t\t\t\t<\/div>\n\t\t\t\t<div class=\"elementor-element elementor-element-9961c75 elementor-widget elementor-widget-heading\" data-id=\"9961c75\" data-element_type=\"widget\" data-e-type=\"widget\" data-widget_type=\"heading.default\">\n\t\t\t\t<div class=\"elementor-widget-container\">\n\t\t\t\t\t<h3 class=\"elementor-heading-title elementor-size-default\">Kybernetick\u00e1 bezpe\u010dnos\u0165<\/h3>\t\t\t\t<\/div>\n\t\t\t\t<\/div>\n\t\t\t\t<div class=\"elementor-element elementor-element-8e759b5 elementor-widget elementor-widget-spacer\" data-id=\"8e759b5\" data-element_type=\"widget\" data-e-type=\"widget\" data-widget_type=\"spacer.default\">\n\t\t\t\t<div class=\"elementor-widget-container\">\n\t\t\t\t\t\t\t<div class=\"elementor-spacer\">\n\t\t\t<div class=\"elementor-spacer-inner\"><\/div>\n\t\t<\/div>\n\t\t\t\t\t\t<\/div>\n\t\t\t\t<\/div>\n\t\t\t\t<div class=\"elementor-element elementor-element-4f31e7d elementor-widget elementor-widget-heading\" data-id=\"4f31e7d\" data-element_type=\"widget\" data-e-type=\"widget\" data-widget_type=\"heading.default\">\n\t\t\t\t<div class=\"elementor-widget-container\">\n\t\t\t\t\t<h3 class=\"elementor-heading-title elementor-size-default\">Humanitn\u00e9 predmety<\/h3>\t\t\t\t<\/div>\n\t\t\t\t<\/div>\n\t\t\t\t<div class=\"elementor-element elementor-element-8cf7810 elementor-widget elementor-widget-spacer\" data-id=\"8cf7810\" data-element_type=\"widget\" data-e-type=\"widget\" data-widget_type=\"spacer.default\">\n\t\t\t\t<div class=\"elementor-widget-container\">\n\t\t\t\t\t\t\t<div class=\"elementor-spacer\">\n\t\t\t<div class=\"elementor-spacer-inner\"><\/div>\n\t\t<\/div>\n\t\t\t\t\t\t<\/div>\n\t\t\t\t<\/div>\n\t\t\t\t<div class=\"elementor-element elementor-element-301d07a elementor-widget elementor-widget-heading\" data-id=\"301d07a\" data-element_type=\"widget\" data-e-type=\"widget\" data-widget_type=\"heading.default\">\n\t\t\t\t<div class=\"elementor-widget-container\">\n\t\t\t\t\t<h3 class=\"elementor-heading-title elementor-size-default\">Veda a matematika<\/h3>\t\t\t\t<\/div>\n\t\t\t\t<\/div>\n\t\t\t\t<div class=\"elementor-element elementor-element-64664e3 elementor-widget elementor-widget-button\" data-id=\"64664e3\" data-element_type=\"widget\" data-e-type=\"widget\" data-widget_type=\"button.default\">\n\t\t\t\t<div class=\"elementor-widget-container\">\n\t\t\t\t\t\t\t\t\t<div class=\"elementor-button-wrapper\">\n\t\t\t\t\t<a class=\"elementor-button elementor-button-link elementor-size-sm\" href=\"https:\/\/kurikulum.aidetem.cz\/sk\/\">\n\t\t\t\t\t\t<span class=\"elementor-button-content-wrapper\">\n\t\t\t\t\t\t\t\t\t<span class=\"elementor-button-text\">Prejs\u0165 na domovsk\u00fa str\u00e1nku u\u010debn\u00e9ho pl\u00e1nu AI<\/span>\n\t\t\t\t\t<\/span>\n\t\t\t\t\t<\/a>\n\t\t\t\t<\/div>\n\t\t\t\t\t\t\t\t<\/div>\n\t\t\t\t<\/div>\n\t\t\t\t\t<\/div>\n\t\t<\/div>\n\t\t\t\t\t<\/div>\n\t\t<\/section>\n\t\t\t\t<\/div>\n\t\t","protected":false},"excerpt":{"rendered":"<p>Umel\u00e1 inteligencia v informatike na \u00farovni 1 Umel\u00e1 inteligencia v informatike na stredn\u00fdch \u0161kol\u00e1ch a gymn\u00e1zi\u00e1ch Projektov\u00e9 metodiky a pracovn\u00e9 h\u00e1rky Medi\u00e1lne vzdel\u00e1vanie Kybernetick\u00e1 bezpe\u010dnos\u0165 Humanitn\u00e9 predmety Veda a matematika Prejs\u0165 na domovsk\u00fa str\u00e1nku u\u010debn\u00e9ho pl\u00e1nu AI<\/p>\n","protected":false},"author":1,"featured_media":0,"parent":0,"menu_order":0,"comment_status":"closed","ping_status":"closed","template":"","meta":{"footnotes":""},"class_list":["post-5017","page","type-page","status-publish","hentry"],"yoast_head":"<!-- This site is optimized with the Yoast SEO plugin v27.6 - https:\/\/yoast.com\/product\/yoast-seo-wordpress\/ -->\n<title>U\u010debn\u00e9 osnovy umelej inteligencie pre z\u00e1kladn\u00e9 a stredn\u00e9 \u0161koly - zoznam v\u0161etk\u00e9ho<\/title>\n<meta name=\"description\" content=\"Koncepcie vzdel\u00e1vania v oblasti informatiky a rozvoja digit\u00e1lnych kompetenci\u00ed v oblasti umelej inteligencie na z\u00e1kladn\u00fdch a stredn\u00fdch \u0161kol\u00e1ch.\" \/>\n<meta name=\"robots\" content=\"index, follow, max-snippet:-1, max-image-preview:large, max-video-preview:-1\" \/>\n<link rel=\"canonical\" href=\"https:\/\/kurikulum.aidetem.cz\/sk\/zoznam-vsetkeho\/\" \/>\n<meta property=\"og:locale\" content=\"sk_SK\" \/>\n<meta property=\"og:type\" content=\"article\" \/>\n<meta property=\"og:title\" content=\"U\u010debn\u00e9 osnovy umelej inteligencie pre z\u00e1kladn\u00e9 a stredn\u00e9 \u0161koly - zoznam v\u0161etk\u00e9ho\" \/>\n<meta property=\"og:description\" content=\"Koncepcie vzdel\u00e1vania v oblasti informatiky a rozvoja digit\u00e1lnych kompetenci\u00ed v oblasti umelej inteligencie na z\u00e1kladn\u00fdch a stredn\u00fdch \u0161kol\u00e1ch.\" \/>\n<meta property=\"og:url\" content=\"https:\/\/kurikulum.aidetem.cz\/sk\/zoznam-vsetkeho\/\" \/>\n<meta property=\"og:site_name\" content=\"Kurikulum um\u011bl\u00e9 inteligence pro z\u00e1kladn\u00ed a st\u0159edn\u00ed \u0161koly\" \/>\n<meta property=\"article:modified_time\" content=\"2025-03-15T17:30:36+00:00\" \/>\n<meta property=\"og:image\" content=\"https:\/\/kurikulum.aidetem.cz\/wp-content\/uploads\/2024\/07\/OpengraphAI-kurikulum_general-1024x538.png\" \/>\n<meta name=\"twitter:card\" content=\"summary_large_image\" \/>\n<script type=\"application\/ld+json\" class=\"yoast-schema-graph\">{\"@context\":\"https:\\\/\\\/schema.org\",\"@graph\":[{\"@type\":\"WebPage\",\"@id\":\"https:\\\/\\\/kurikulum.aidetem.cz\\\/sk\\\/zoznam-vsetkeho\\\/\",\"url\":\"https:\\\/\\\/kurikulum.aidetem.cz\\\/sk\\\/zoznam-vsetkeho\\\/\",\"name\":\"U\u010debn\u00e9 osnovy umelej inteligencie pre z\u00e1kladn\u00e9 a stredn\u00e9 \u0161koly - zoznam v\u0161etk\u00e9ho\",\"isPartOf\":{\"@id\":\"https:\\\/\\\/kurikulum.aidetem.cz\\\/sk\\\/#website\"},\"datePublished\":\"2024-07-05T07:15:21+00:00\",\"dateModified\":\"2025-03-15T17:30:36+00:00\",\"description\":\"Koncepcie vzdel\u00e1vania v oblasti informatiky a rozvoja digit\u00e1lnych kompetenci\u00ed v oblasti umelej inteligencie na z\u00e1kladn\u00fdch a stredn\u00fdch \u0161kol\u00e1ch.\",\"inLanguage\":\"sk-SK\",\"potentialAction\":[{\"@type\":\"ReadAction\",\"target\":[\"https:\\\/\\\/kurikulum.aidetem.cz\\\/sk\\\/zoznam-vsetkeho\\\/\"]}]},{\"@type\":\"WebSite\",\"@id\":\"https:\\\/\\\/kurikulum.aidetem.cz\\\/sk\\\/#website\",\"url\":\"https:\\\/\\\/kurikulum.aidetem.cz\\\/sk\\\/\",\"name\":\"Kurikulum um\u011bl\u00e9 inteligence pro z\u00e1kladn\u00ed a st\u0159edn\u00ed \u0161koly\",\"description\":\"AI kurikulum pro Z\u0160 a S\u0160\",\"potentialAction\":[{\"@type\":\"SearchAction\",\"target\":{\"@type\":\"EntryPoint\",\"urlTemplate\":\"https:\\\/\\\/kurikulum.aidetem.cz\\\/sk\\\/?s={search_term_string}\"},\"query-input\":{\"@type\":\"PropertyValueSpecification\",\"valueRequired\":true,\"valueName\":\"search_term_string\"}}],\"inLanguage\":\"sk-SK\"}]}<\/script>\n<!-- \/ Yoast SEO plugin. -->","yoast_head_json":{"title":"U\u010debn\u00e9 osnovy umelej inteligencie pre z\u00e1kladn\u00e9 a stredn\u00e9 \u0161koly - zoznam v\u0161etk\u00e9ho","description":"Koncepcie vzdel\u00e1vania v oblasti informatiky a rozvoja digit\u00e1lnych kompetenci\u00ed v oblasti umelej inteligencie na z\u00e1kladn\u00fdch a stredn\u00fdch \u0161kol\u00e1ch.","robots":{"index":"index","follow":"follow","max-snippet":"max-snippet:-1","max-image-preview":"max-image-preview:large","max-video-preview":"max-video-preview:-1"},"canonical":"https:\/\/kurikulum.aidetem.cz\/sk\/zoznam-vsetkeho\/","og_locale":"sk_SK","og_type":"article","og_title":"U\u010debn\u00e9 osnovy umelej inteligencie pre z\u00e1kladn\u00e9 a stredn\u00e9 \u0161koly - zoznam v\u0161etk\u00e9ho","og_description":"Koncepcie vzdel\u00e1vania v oblasti informatiky a rozvoja digit\u00e1lnych kompetenci\u00ed v oblasti umelej inteligencie na z\u00e1kladn\u00fdch a stredn\u00fdch \u0161kol\u00e1ch.","og_url":"https:\/\/kurikulum.aidetem.cz\/sk\/zoznam-vsetkeho\/","og_site_name":"Kurikulum um\u011bl\u00e9 inteligence pro z\u00e1kladn\u00ed a st\u0159edn\u00ed \u0161koly","article_modified_time":"2025-03-15T17:30:36+00:00","og_image":[{"url":"https:\/\/kurikulum.aidetem.cz\/wp-content\/uploads\/2024\/07\/OpengraphAI-kurikulum_general-1024x538.png","type":"","width":"","height":""}],"twitter_card":"summary_large_image","schema":{"@context":"https:\/\/schema.org","@graph":[{"@type":"WebPage","@id":"https:\/\/kurikulum.aidetem.cz\/sk\/zoznam-vsetkeho\/","url":"https:\/\/kurikulum.aidetem.cz\/sk\/zoznam-vsetkeho\/","name":"U\u010debn\u00e9 osnovy umelej inteligencie pre z\u00e1kladn\u00e9 a stredn\u00e9 \u0161koly - zoznam v\u0161etk\u00e9ho","isPartOf":{"@id":"https:\/\/kurikulum.aidetem.cz\/sk\/#website"},"datePublished":"2024-07-05T07:15:21+00:00","dateModified":"2025-03-15T17:30:36+00:00","description":"Koncepcie vzdel\u00e1vania v oblasti informatiky a rozvoja digit\u00e1lnych kompetenci\u00ed v oblasti umelej inteligencie na z\u00e1kladn\u00fdch a stredn\u00fdch \u0161kol\u00e1ch.","inLanguage":"sk-SK","potentialAction":[{"@type":"ReadAction","target":["https:\/\/kurikulum.aidetem.cz\/sk\/zoznam-vsetkeho\/"]}]},{"@type":"WebSite","@id":"https:\/\/kurikulum.aidetem.cz\/sk\/#website","url":"https:\/\/kurikulum.aidetem.cz\/sk\/","name":"Kurikulum um\u011bl\u00e9 inteligence pro z\u00e1kladn\u00ed a st\u0159edn\u00ed \u0161koly","description":"AI kurikulum pro Z\u0160 a S\u0160","potentialAction":[{"@type":"SearchAction","target":{"@type":"EntryPoint","urlTemplate":"https:\/\/kurikulum.aidetem.cz\/sk\/?s={search_term_string}"},"query-input":{"@type":"PropertyValueSpecification","valueRequired":true,"valueName":"search_term_string"}}],"inLanguage":"sk-SK"}]}},"_links":{"self":[{"href":"https:\/\/kurikulum.aidetem.cz\/sk\/wp-json\/wp\/v2\/pages\/5017","targetHints":{"allow":["GET"]}}],"collection":[{"href":"https:\/\/kurikulum.aidetem.cz\/sk\/wp-json\/wp\/v2\/pages"}],"about":[{"href":"https:\/\/kurikulum.aidetem.cz\/sk\/wp-json\/wp\/v2\/types\/page"}],"author":[{"embeddable":true,"href":"https:\/\/kurikulum.aidetem.cz\/sk\/wp-json\/wp\/v2\/users\/1"}],"replies":[{"embeddable":true,"href":"https:\/\/kurikulum.aidetem.cz\/sk\/wp-json\/wp\/v2\/comments?post=5017"}],"version-history":[{"count":2,"href":"https:\/\/kurikulum.aidetem.cz\/sk\/wp-json\/wp\/v2\/pages\/5017\/revisions"}],"predecessor-version":[{"id":5059,"href":"https:\/\/kurikulum.aidetem.cz\/sk\/wp-json\/wp\/v2\/pages\/5017\/revisions\/5059"}],"wp:attachment":[{"href":"https:\/\/kurikulum.aidetem.cz\/sk\/wp-json\/wp\/v2\/media?parent=5017"}],"curies":[{"name":"wp","href":"https:\/\/api.w.org\/{rel}","templated":true}]}}