{"id":5015,"date":"2025-01-05T11:14:48","date_gmt":"2025-01-05T10:14:48","guid":{"rendered":"https:\/\/kurikulum.aidetem.cz\/veda-a-matematika\/"},"modified":"2025-03-15T18:30:31","modified_gmt":"2025-03-15T17:30:31","slug":"veda-a-matematika","status":"publish","type":"page","link":"https:\/\/kurikulum.aidetem.cz\/sk\/veda-a-matematika\/","title":{"rendered":"Veda a matematika"},"content":{"rendered":"\t\t<div data-elementor-type=\"wp-page\" data-elementor-id=\"5015\" class=\"elementor elementor-5015 elementor-3628\" data-elementor-post-type=\"page\">\n\t\t\t\t\t\t<section class=\"elementor-section elementor-top-section elementor-element elementor-element-5a9ac950 elementor-section-boxed elementor-section-height-default elementor-section-height-default\" data-id=\"5a9ac950\" data-element_type=\"section\" data-e-type=\"section\">\n\t\t\t\t\t\t<div class=\"elementor-container elementor-column-gap-default\">\n\t\t\t\t\t<div class=\"elementor-column elementor-col-100 elementor-top-column elementor-element elementor-element-338350dd\" data-id=\"338350dd\" data-element_type=\"column\" data-e-type=\"column\">\n\t\t\t<div class=\"elementor-widget-wrap elementor-element-populated\">\n\t\t\t\t\t\t<div class=\"elementor-element elementor-element-11f2eece elementor-hidden-mobile elementor-widget elementor-widget-spacer\" data-id=\"11f2eece\" data-element_type=\"widget\" data-e-type=\"widget\" data-widget_type=\"spacer.default\">\n\t\t\t\t<div class=\"elementor-widget-container\">\n\t\t\t\t\t\t\t<div class=\"elementor-spacer\">\n\t\t\t<div class=\"elementor-spacer-inner\"><\/div>\n\t\t<\/div>\n\t\t\t\t\t\t<\/div>\n\t\t\t\t<\/div>\n\t\t\t\t<div class=\"elementor-element elementor-element-5f87a2f1 elementor-widget elementor-widget-heading\" data-id=\"5f87a2f1\" data-element_type=\"widget\" data-e-type=\"widget\" data-widget_type=\"heading.default\">\n\t\t\t\t<div class=\"elementor-widget-container\">\n\t\t\t\t\t<h1 class=\"elementor-heading-title elementor-size-default\">Umel\u00e1 inteligencia vo vede a matematike  <br><\/h1>\t\t\t\t<\/div>\n\t\t\t\t<\/div>\n\t\t\t\t<div class=\"elementor-element elementor-element-5b66def4 elementor-widget elementor-widget-heading\" data-id=\"5b66def4\" data-element_type=\"widget\" data-e-type=\"widget\" data-widget_type=\"heading.default\">\n\t\t\t\t<div class=\"elementor-widget-container\">\n\t\t\t\t\t<h4 class=\"elementor-heading-title elementor-size-default\">Zatia\u013e \u010do v informatike sa u\u010debn\u00e9 osnovy AI zameriavaj\u00fa na vysvetlenie z\u00e1kladn\u00fdch teoretick\u00fdch r\u00e1mcov fungovania umelej inteligencie a strojov\u00e9ho u\u010denia (AI ako technologick\u00fd koncept), materi\u00e1ly na rozvoj digit\u00e1lnych kompetenci\u00ed klad\u00fa d\u00f4raz na soci\u00e1lne d\u00f4sledky tejto technol\u00f3gie, etiku a medi\u00e1lnu gramotnos\u0165 (AI ako sociotechnick\u00fd koncept) spolu s rozvojom zru\u010dnost\u00ed pri pr\u00e1ci s aplik\u00e1ciami AI.  <\/h4>\t\t\t\t<\/div>\n\t\t\t\t<\/div>\n\t\t\t\t<div class=\"elementor-element elementor-element-5a737f51 elementor-widget elementor-widget-heading\" data-id=\"5a737f51\" data-element_type=\"widget\" data-e-type=\"widget\" data-widget_type=\"heading.default\">\n\t\t\t\t<div class=\"elementor-widget-container\">\n\t\t\t\t\t<h2 class=\"elementor-heading-title elementor-size-default\">Metodick\u00e9 materi\u00e1ly<\/h2>\t\t\t\t<\/div>\n\t\t\t\t<\/div>\n\t\t\t\t<div class=\"elementor-element elementor-element-4c2b695c elementor-widget elementor-widget-heading\" data-id=\"4c2b695c\" data-element_type=\"widget\" data-e-type=\"widget\" data-widget_type=\"heading.default\">\n\t\t\t\t<div class=\"elementor-widget-container\">\n\t\t\t\t\t<p class=\"elementor-heading-title elementor-size-default\">Metodick\u00e9 materi\u00e1ly s\u00fa st\u00e1le v r\u00f4znych \u0161t\u00e1di\u00e1ch pilotovania a niektor\u00e9 e\u0161te nepre\u0161li korekt\u00farou. Preto v\u00e1s pros\u00edme o zhovievavos\u0165 a budeme v\u00e1m ve\u013emi v\u010fa\u010dn\u00ed za <a href=\"https:\/\/forms.gle\/WyFN2k3PvHz6oyhF6\" target=\"_blank\"><u>sp\u00e4tn\u00fa v\u00e4zbu<\/u><\/a>!   <\/p>\t\t\t\t<\/div>\n\t\t\t\t<\/div>\n\t\t\t\t<div class=\"elementor-element elementor-element-5f5ceefd elementor-widget elementor-widget-spacer\" data-id=\"5f5ceefd\" data-element_type=\"widget\" data-e-type=\"widget\" data-widget_type=\"spacer.default\">\n\t\t\t\t<div class=\"elementor-widget-container\">\n\t\t\t\t\t\t\t<div class=\"elementor-spacer\">\n\t\t\t<div class=\"elementor-spacer-inner\"><\/div>\n\t\t<\/div>\n\t\t\t\t\t\t<\/div>\n\t\t\t\t<\/div>\n\t\t\t\t\t<\/div>\n\t\t<\/div>\n\t\t\t\t\t<\/div>\n\t\t<\/section>\n\t\t\t\t<section class=\"elementor-section elementor-top-section elementor-element elementor-element-3f016da9 elementor-section-full_width elementor-section-height-default elementor-section-height-default\" data-id=\"3f016da9\" data-element_type=\"section\" data-e-type=\"section\">\n\t\t\t\t\t\t<div class=\"elementor-container elementor-column-gap-narrow\">\n\t\t\t\t\t<div class=\"elementor-column elementor-col-100 elementor-top-column elementor-element elementor-element-525e111d\" data-id=\"525e111d\" data-element_type=\"column\" data-e-type=\"column\">\n\t\t\t<div class=\"elementor-widget-wrap elementor-element-populated\">\n\t\t\t\t\t\t\t<\/div>\n\t\t<\/div>\n\t\t\t\t\t<\/div>\n\t\t<\/section>\n\t\t\t\t<section class=\"elementor-section elementor-top-section elementor-element elementor-element-b97e271 elementor-section-boxed elementor-section-height-default elementor-section-height-default\" data-id=\"b97e271\" data-element_type=\"section\" data-e-type=\"section\">\n\t\t\t\t\t\t<div class=\"elementor-container elementor-column-gap-default\">\n\t\t\t\t\t<div class=\"elementor-column elementor-col-100 elementor-top-column elementor-element elementor-element-56161ac\" data-id=\"56161ac\" data-element_type=\"column\" data-e-type=\"column\">\n\t\t\t<div class=\"elementor-widget-wrap elementor-element-populated\">\n\t\t\t\t\t\t<div class=\"elementor-element elementor-element-ff241e2 elementor-widget elementor-widget-heading\" data-id=\"ff241e2\" data-element_type=\"widget\" data-e-type=\"widget\" data-widget_type=\"heading.default\">\n\t\t\t\t<div class=\"elementor-widget-container\">\n\t\t\t\t\t<h2 class=\"elementor-heading-title elementor-size-default\">\u00davodn\u00fd webin\u00e1r Umel\u00e1 inteligencia vo vede a matematike<\/h2>\t\t\t\t<\/div>\n\t\t\t\t<\/div>\n\t\t\t\t<div class=\"elementor-element elementor-element-d70914f elementor-widget elementor-widget-video\" data-id=\"d70914f\" data-element_type=\"widget\" data-e-type=\"widget\" data-settings=\"{&quot;youtube_url&quot;:&quot;https:\\\/\\\/youtu.be\\\/dUbVHUUcTXo?si=AxS35gBPrktFmlXn&quot;,&quot;video_type&quot;:&quot;youtube&quot;,&quot;controls&quot;:&quot;yes&quot;}\" data-widget_type=\"video.default\">\n\t\t\t\t<div class=\"elementor-widget-container\">\n\t\t\t\t\t\t\t<div class=\"elementor-wrapper elementor-open-inline\">\n\t\t\t<div class=\"elementor-video\"><\/div>\t\t<\/div>\n\t\t\t\t\t\t<\/div>\n\t\t\t\t<\/div>\n\t\t\t\t<div class=\"elementor-element elementor-element-9bc8536 elementor-widget elementor-widget-spacer\" data-id=\"9bc8536\" data-element_type=\"widget\" data-e-type=\"widget\" data-widget_type=\"spacer.default\">\n\t\t\t\t<div class=\"elementor-widget-container\">\n\t\t\t\t\t\t\t<div class=\"elementor-spacer\">\n\t\t\t<div class=\"elementor-spacer-inner\"><\/div>\n\t\t<\/div>\n\t\t\t\t\t\t<\/div>\n\t\t\t\t<\/div>\n\t\t\t\t<div class=\"elementor-element elementor-element-ba07d5e elementor-align-left elementor-widget elementor-widget-button\" data-id=\"ba07d5e\" data-element_type=\"widget\" data-e-type=\"widget\" data-widget_type=\"button.default\">\n\t\t\t\t<div class=\"elementor-widget-container\">\n\t\t\t\t\t\t\t\t\t<div class=\"elementor-button-wrapper\">\n\t\t\t\t\t<a class=\"elementor-button elementor-button-link elementor-size-sm\" href=\"https:\/\/kurikulum.aidetem.cz\/vypis-vseho\/\">\n\t\t\t\t\t\t<span class=\"elementor-button-content-wrapper\">\n\t\t\t\t\t\t\t\t\t<span class=\"elementor-button-text\">Prejs\u0165 na zoznam v\u0161etk\u00fdch materi\u00e1lov<\/span>\n\t\t\t\t\t<\/span>\n\t\t\t\t\t<\/a>\n\t\t\t\t<\/div>\n\t\t\t\t\t\t\t\t<\/div>\n\t\t\t\t<\/div>\n\t\t\t\t\t<\/div>\n\t\t<\/div>\n\t\t\t\t\t<\/div>\n\t\t<\/section>\n\t\t\t\t<\/div>\n\t\t","protected":false},"excerpt":{"rendered":"<p>Umel\u00e1 inteligencia vo vede a matematike Zatia\u013e \u010do v informatike sa u\u010debn\u00e9 osnovy AI zameriavaj\u00fa na vysvetlenie z\u00e1kladn\u00fdch teoretick\u00fdch r\u00e1mcov fungovania umelej inteligencie a strojov\u00e9ho u\u010denia (AI ako technologick\u00fd koncept), materi\u00e1ly na rozvoj digit\u00e1lnych kompetenci\u00ed klad\u00fa d\u00f4raz na soci\u00e1lne d\u00f4sledky tejto technol\u00f3gie, etiku a medi\u00e1lnu gramotnos\u0165 (AI ako sociotechnick\u00fd koncept) spolu s rozvojom zru\u010dnost\u00ed pri [&hellip;]<\/p>\n","protected":false},"author":1,"featured_media":0,"parent":0,"menu_order":0,"comment_status":"closed","ping_status":"closed","template":"","meta":{"footnotes":""},"class_list":["post-5015","page","type-page","status-publish","hentry"],"yoast_head":"<!-- This site is optimized with the Yoast SEO plugin v27.3 - https:\/\/yoast.com\/product\/yoast-seo-wordpress\/ -->\n<title>Umel\u00e1 inteligencia vo vede a matematike<\/title>\n<meta name=\"description\" content=\"Metodick\u00e9 materi\u00e1ly u\u010debn\u00fdch osnov umelej inteligencie pre z\u00e1kladn\u00e9 a stredn\u00e9 \u0161koly na vyu\u017eitie v pr\u00edrodovede a matematike. U\u010debn\u00e9 osnovy umelej inteligencie.\" \/>\n<meta name=\"robots\" content=\"index, follow, max-snippet:-1, max-image-preview:large, max-video-preview:-1\" \/>\n<link rel=\"canonical\" href=\"https:\/\/kurikulum.aidetem.cz\/sk\/veda-a-matematika\/\" \/>\n<meta property=\"og:locale\" content=\"sk_SK\" \/>\n<meta property=\"og:type\" content=\"article\" \/>\n<meta property=\"og:title\" content=\"Umel\u00e1 inteligencia vo vede a matematike\" \/>\n<meta property=\"og:description\" content=\"Metodick\u00e9 materi\u00e1ly u\u010debn\u00fdch osnov umelej inteligencie pre z\u00e1kladn\u00e9 a stredn\u00e9 \u0161koly na vyu\u017eitie v pr\u00edrodovede a matematike. U\u010debn\u00e9 osnovy umelej inteligencie.\" \/>\n<meta property=\"og:url\" content=\"https:\/\/kurikulum.aidetem.cz\/sk\/veda-a-matematika\/\" \/>\n<meta property=\"og:site_name\" content=\"Kurikulum um\u011bl\u00e9 inteligence pro z\u00e1kladn\u00ed a st\u0159edn\u00ed \u0161koly\" \/>\n<meta property=\"article:modified_time\" content=\"2025-03-15T17:30:31+00:00\" \/>\n<meta property=\"og:image\" content=\"https:\/\/kurikulum.aidetem.cz\/wp-content\/uploads\/2025\/01\/1_-1024x538.png\" \/>\n<meta name=\"twitter:card\" content=\"summary_large_image\" \/>\n<meta name=\"twitter:label1\" content=\"Predpokladan\u00fd \u010das \u010d\u00edtania\" \/>\n\t<meta name=\"twitter:data1\" content=\"1 min\u00fata\" \/>\n<script type=\"application\/ld+json\" class=\"yoast-schema-graph\">{\"@context\":\"https:\\\/\\\/schema.org\",\"@graph\":[{\"@type\":\"WebPage\",\"@id\":\"https:\\\/\\\/kurikulum.aidetem.cz\\\/sk\\\/veda-a-matematika\\\/\",\"url\":\"https:\\\/\\\/kurikulum.aidetem.cz\\\/sk\\\/veda-a-matematika\\\/\",\"name\":\"Umel\u00e1 inteligencia vo vede a matematike\",\"isPartOf\":{\"@id\":\"https:\\\/\\\/kurikulum.aidetem.cz\\\/sk\\\/#website\"},\"datePublished\":\"2025-01-05T10:14:48+00:00\",\"dateModified\":\"2025-03-15T17:30:31+00:00\",\"description\":\"Metodick\u00e9 materi\u00e1ly u\u010debn\u00fdch osnov umelej inteligencie pre z\u00e1kladn\u00e9 a stredn\u00e9 \u0161koly na vyu\u017eitie v pr\u00edrodovede a matematike. U\u010debn\u00e9 osnovy umelej inteligencie.\",\"inLanguage\":\"sk-SK\",\"potentialAction\":[{\"@type\":\"ReadAction\",\"target\":[\"https:\\\/\\\/kurikulum.aidetem.cz\\\/sk\\\/veda-a-matematika\\\/\"]}]},{\"@type\":\"WebSite\",\"@id\":\"https:\\\/\\\/kurikulum.aidetem.cz\\\/sk\\\/#website\",\"url\":\"https:\\\/\\\/kurikulum.aidetem.cz\\\/sk\\\/\",\"name\":\"Kurikulum um\u011bl\u00e9 inteligence pro z\u00e1kladn\u00ed a st\u0159edn\u00ed \u0161koly\",\"description\":\"AI kurikulum pro Z\u0160 a S\u0160\",\"potentialAction\":[{\"@type\":\"SearchAction\",\"target\":{\"@type\":\"EntryPoint\",\"urlTemplate\":\"https:\\\/\\\/kurikulum.aidetem.cz\\\/sk\\\/?s={search_term_string}\"},\"query-input\":{\"@type\":\"PropertyValueSpecification\",\"valueRequired\":true,\"valueName\":\"search_term_string\"}}],\"inLanguage\":\"sk-SK\"}]}<\/script>\n<!-- \/ Yoast SEO plugin. -->","yoast_head_json":{"title":"Umel\u00e1 inteligencia vo vede a matematike","description":"Metodick\u00e9 materi\u00e1ly u\u010debn\u00fdch osnov umelej inteligencie pre z\u00e1kladn\u00e9 a stredn\u00e9 \u0161koly na vyu\u017eitie v pr\u00edrodovede a matematike. U\u010debn\u00e9 osnovy umelej inteligencie.","robots":{"index":"index","follow":"follow","max-snippet":"max-snippet:-1","max-image-preview":"max-image-preview:large","max-video-preview":"max-video-preview:-1"},"canonical":"https:\/\/kurikulum.aidetem.cz\/sk\/veda-a-matematika\/","og_locale":"sk_SK","og_type":"article","og_title":"Umel\u00e1 inteligencia vo vede a matematike","og_description":"Metodick\u00e9 materi\u00e1ly u\u010debn\u00fdch osnov umelej inteligencie pre z\u00e1kladn\u00e9 a stredn\u00e9 \u0161koly na vyu\u017eitie v pr\u00edrodovede a matematike. U\u010debn\u00e9 osnovy umelej inteligencie.","og_url":"https:\/\/kurikulum.aidetem.cz\/sk\/veda-a-matematika\/","og_site_name":"Kurikulum um\u011bl\u00e9 inteligence pro z\u00e1kladn\u00ed a st\u0159edn\u00ed \u0161koly","article_modified_time":"2025-03-15T17:30:31+00:00","og_image":[{"url":"https:\/\/kurikulum.aidetem.cz\/wp-content\/uploads\/2025\/01\/1_-1024x538.png","type":"","width":"","height":""}],"twitter_card":"summary_large_image","twitter_misc":{"Predpokladan\u00fd \u010das \u010d\u00edtania":"1 min\u00fata"},"schema":{"@context":"https:\/\/schema.org","@graph":[{"@type":"WebPage","@id":"https:\/\/kurikulum.aidetem.cz\/sk\/veda-a-matematika\/","url":"https:\/\/kurikulum.aidetem.cz\/sk\/veda-a-matematika\/","name":"Umel\u00e1 inteligencia vo vede a matematike","isPartOf":{"@id":"https:\/\/kurikulum.aidetem.cz\/sk\/#website"},"datePublished":"2025-01-05T10:14:48+00:00","dateModified":"2025-03-15T17:30:31+00:00","description":"Metodick\u00e9 materi\u00e1ly u\u010debn\u00fdch osnov umelej inteligencie pre z\u00e1kladn\u00e9 a stredn\u00e9 \u0161koly na vyu\u017eitie v pr\u00edrodovede a matematike. U\u010debn\u00e9 osnovy umelej inteligencie.","inLanguage":"sk-SK","potentialAction":[{"@type":"ReadAction","target":["https:\/\/kurikulum.aidetem.cz\/sk\/veda-a-matematika\/"]}]},{"@type":"WebSite","@id":"https:\/\/kurikulum.aidetem.cz\/sk\/#website","url":"https:\/\/kurikulum.aidetem.cz\/sk\/","name":"Kurikulum um\u011bl\u00e9 inteligence pro z\u00e1kladn\u00ed a st\u0159edn\u00ed \u0161koly","description":"AI kurikulum pro Z\u0160 a S\u0160","potentialAction":[{"@type":"SearchAction","target":{"@type":"EntryPoint","urlTemplate":"https:\/\/kurikulum.aidetem.cz\/sk\/?s={search_term_string}"},"query-input":{"@type":"PropertyValueSpecification","valueRequired":true,"valueName":"search_term_string"}}],"inLanguage":"sk-SK"}]}},"_links":{"self":[{"href":"https:\/\/kurikulum.aidetem.cz\/sk\/wp-json\/wp\/v2\/pages\/5015","targetHints":{"allow":["GET"]}}],"collection":[{"href":"https:\/\/kurikulum.aidetem.cz\/sk\/wp-json\/wp\/v2\/pages"}],"about":[{"href":"https:\/\/kurikulum.aidetem.cz\/sk\/wp-json\/wp\/v2\/types\/page"}],"author":[{"embeddable":true,"href":"https:\/\/kurikulum.aidetem.cz\/sk\/wp-json\/wp\/v2\/users\/1"}],"replies":[{"embeddable":true,"href":"https:\/\/kurikulum.aidetem.cz\/sk\/wp-json\/wp\/v2\/comments?post=5015"}],"version-history":[{"count":1,"href":"https:\/\/kurikulum.aidetem.cz\/sk\/wp-json\/wp\/v2\/pages\/5015\/revisions"}],"predecessor-version":[{"id":5029,"href":"https:\/\/kurikulum.aidetem.cz\/sk\/wp-json\/wp\/v2\/pages\/5015\/revisions\/5029"}],"wp:attachment":[{"href":"https:\/\/kurikulum.aidetem.cz\/sk\/wp-json\/wp\/v2\/media?parent=5015"}],"curies":[{"name":"wp","href":"https:\/\/api.w.org\/{rel}","templated":true}]}}