{"id":5013,"date":"2025-01-05T11:23:28","date_gmt":"2025-01-05T10:23:28","guid":{"rendered":"https:\/\/kurikulum.aidetem.cz\/projekty-a-pracovne-listy\/"},"modified":"2025-03-15T18:30:28","modified_gmt":"2025-03-15T17:30:28","slug":"projekty-a-pracovne-listy","status":"publish","type":"page","link":"https:\/\/kurikulum.aidetem.cz\/sk\/projekty-a-pracovne-listy\/","title":{"rendered":"Projekty a pracovn\u00e9 listy"},"content":{"rendered":"\t\t<div data-elementor-type=\"wp-page\" data-elementor-id=\"5013\" class=\"elementor elementor-5013 elementor-3655\" data-elementor-post-type=\"page\">\n\t\t\t\t\t\t<section class=\"elementor-section elementor-top-section elementor-element elementor-element-2bbc1585 elementor-section-boxed elementor-section-height-default elementor-section-height-default\" data-id=\"2bbc1585\" data-element_type=\"section\" data-e-type=\"section\">\n\t\t\t\t\t\t<div class=\"elementor-container elementor-column-gap-default\">\n\t\t\t\t\t<div class=\"elementor-column elementor-col-100 elementor-top-column elementor-element elementor-element-7d6f09c8\" data-id=\"7d6f09c8\" data-element_type=\"column\" data-e-type=\"column\">\n\t\t\t<div class=\"elementor-widget-wrap elementor-element-populated\">\n\t\t\t\t\t\t<div class=\"elementor-element elementor-element-18dc830a elementor-hidden-mobile elementor-widget elementor-widget-spacer\" data-id=\"18dc830a\" data-element_type=\"widget\" data-e-type=\"widget\" data-widget_type=\"spacer.default\">\n\t\t\t\t<div class=\"elementor-widget-container\">\n\t\t\t\t\t\t\t<div class=\"elementor-spacer\">\n\t\t\t<div class=\"elementor-spacer-inner\"><\/div>\n\t\t<\/div>\n\t\t\t\t\t\t<\/div>\n\t\t\t\t<\/div>\n\t\t\t\t<div class=\"elementor-element elementor-element-338562e2 elementor-widget elementor-widget-heading\" data-id=\"338562e2\" data-element_type=\"widget\" data-e-type=\"widget\" data-widget_type=\"heading.default\">\n\t\t\t\t<div class=\"elementor-widget-container\">\n\t\t\t\t\t<h1 class=\"elementor-heading-title elementor-size-default\">Pracovn\u00e9 h\u00e1rky a umel\u00e1 inteligencia v projektoch<\/h1>\t\t\t\t<\/div>\n\t\t\t\t<\/div>\n\t\t\t\t<div class=\"elementor-element elementor-element-6e60389f elementor-widget elementor-widget-heading\" data-id=\"6e60389f\" data-element_type=\"widget\" data-e-type=\"widget\" data-widget_type=\"heading.default\">\n\t\t\t\t<div class=\"elementor-widget-container\">\n\t\t\t\t\t<h4 class=\"elementor-heading-title elementor-size-default\">Metodiky projektu a pracovn\u00e9 listy sl\u00fa\u017eia ako n\u00e1vod na to, ako pou\u017e\u00edva\u0165 generat\u00edvne aplik\u00e1cie umelej inteligencie na zlep\u0161enie \u017eivota v \u0161kole. V projektov\u00fdch metodik\u00e1ch uplat\u0148ujeme met\u00f3dy Design Thinking a v hackathonoch vytv\u00e1rame AI asistentov alebo pracujeme s Canvou. Pracovn\u00e9 listy Chatboty vo vzdel\u00e1van\u00ed s\u00fa kompletn\u00fdm \u00favodom do sveta chatbotov a podnetov.   <\/h4>\t\t\t\t<\/div>\n\t\t\t\t<\/div>\n\t\t\t\t<div class=\"elementor-element elementor-element-325e60e4 elementor-widget elementor-widget-heading\" data-id=\"325e60e4\" data-element_type=\"widget\" data-e-type=\"widget\" data-widget_type=\"heading.default\">\n\t\t\t\t<div class=\"elementor-widget-container\">\n\t\t\t\t\t<h2 class=\"elementor-heading-title elementor-size-default\">Metodick\u00e9 materi\u00e1ly<\/h2>\t\t\t\t<\/div>\n\t\t\t\t<\/div>\n\t\t\t\t<div class=\"elementor-element elementor-element-62755728 elementor-widget elementor-widget-heading\" data-id=\"62755728\" data-element_type=\"widget\" data-e-type=\"widget\" data-widget_type=\"heading.default\">\n\t\t\t\t<div class=\"elementor-widget-container\">\n\t\t\t\t\t<p class=\"elementor-heading-title elementor-size-default\">Metodick\u00e9 materi\u00e1ly s\u00fa st\u00e1le v r\u00f4znych \u0161t\u00e1di\u00e1ch pilotovania a niektor\u00e9 e\u0161te nepre\u0161li korekt\u00farou. Preto v\u00e1s pros\u00edme o zhovievavos\u0165 a budeme v\u00e1m ve\u013emi v\u010fa\u010dn\u00ed za <a href=\"https:\/\/forms.gle\/WyFN2k3PvHz6oyhF6\" target=\"_blank\"><u>sp\u00e4tn\u00fa v\u00e4zbu<\/u><\/a>!   <\/p>\t\t\t\t<\/div>\n\t\t\t\t<\/div>\n\t\t\t\t<div class=\"elementor-element elementor-element-7c643322 elementor-widget elementor-widget-spacer\" data-id=\"7c643322\" data-element_type=\"widget\" data-e-type=\"widget\" data-widget_type=\"spacer.default\">\n\t\t\t\t<div class=\"elementor-widget-container\">\n\t\t\t\t\t\t\t<div class=\"elementor-spacer\">\n\t\t\t<div class=\"elementor-spacer-inner\"><\/div>\n\t\t<\/div>\n\t\t\t\t\t\t<\/div>\n\t\t\t\t<\/div>\n\t\t\t\t\t<\/div>\n\t\t<\/div>\n\t\t\t\t\t<\/div>\n\t\t<\/section>\n\t\t\t\t<section class=\"elementor-section elementor-top-section elementor-element elementor-element-307f51ec elementor-section-full_width elementor-section-height-default elementor-section-height-default\" data-id=\"307f51ec\" data-element_type=\"section\" data-e-type=\"section\">\n\t\t\t\t\t\t<div class=\"elementor-container elementor-column-gap-narrow\">\n\t\t\t\t\t<div class=\"elementor-column elementor-col-100 elementor-top-column elementor-element elementor-element-4ba96d64\" data-id=\"4ba96d64\" data-element_type=\"column\" data-e-type=\"column\">\n\t\t\t<div class=\"elementor-widget-wrap elementor-element-populated\">\n\t\t\t\t\t\t\t<\/div>\n\t\t<\/div>\n\t\t\t\t\t<\/div>\n\t\t<\/section>\n\t\t\t\t<section class=\"elementor-section elementor-top-section elementor-element elementor-element-029e2d2 elementor-section-boxed elementor-section-height-default elementor-section-height-default\" data-id=\"029e2d2\" data-element_type=\"section\" data-e-type=\"section\">\n\t\t\t\t\t\t<div class=\"elementor-container elementor-column-gap-default\">\n\t\t\t\t\t<div class=\"elementor-column elementor-col-100 elementor-top-column elementor-element elementor-element-797d78f\" data-id=\"797d78f\" data-element_type=\"column\" data-e-type=\"column\">\n\t\t\t<div class=\"elementor-widget-wrap elementor-element-populated\">\n\t\t\t\t\t\t<div class=\"elementor-element elementor-element-f743fd1 elementor-widget elementor-widget-heading\" data-id=\"f743fd1\" data-element_type=\"widget\" data-e-type=\"widget\" data-widget_type=\"heading.default\">\n\t\t\t\t<div class=\"elementor-widget-container\">\n\t\t\t\t\t<h2 class=\"elementor-heading-title elementor-size-default\">\u00davodn\u00fd webin\u00e1r Umel\u00e1 inteligencia v projektovom vyu\u010dovan\u00ed<\/h2>\t\t\t\t<\/div>\n\t\t\t\t<\/div>\n\t\t\t\t<div class=\"elementor-element elementor-element-e2fa24d elementor-widget elementor-widget-video\" data-id=\"e2fa24d\" data-element_type=\"widget\" data-e-type=\"widget\" data-settings=\"{&quot;youtube_url&quot;:&quot;https:\\\/\\\/youtu.be\\\/Zt8MM1QGLHg?si=PQzOJDi5y31VcsSd&quot;,&quot;video_type&quot;:&quot;youtube&quot;,&quot;controls&quot;:&quot;yes&quot;}\" data-widget_type=\"video.default\">\n\t\t\t\t<div class=\"elementor-widget-container\">\n\t\t\t\t\t\t\t<div class=\"elementor-wrapper elementor-open-inline\">\n\t\t\t<div class=\"elementor-video\"><\/div>\t\t<\/div>\n\t\t\t\t\t\t<\/div>\n\t\t\t\t<\/div>\n\t\t\t\t<div class=\"elementor-element elementor-element-c373ada elementor-widget elementor-widget-spacer\" data-id=\"c373ada\" data-element_type=\"widget\" data-e-type=\"widget\" data-widget_type=\"spacer.default\">\n\t\t\t\t<div class=\"elementor-widget-container\">\n\t\t\t\t\t\t\t<div class=\"elementor-spacer\">\n\t\t\t<div class=\"elementor-spacer-inner\"><\/div>\n\t\t<\/div>\n\t\t\t\t\t\t<\/div>\n\t\t\t\t<\/div>\n\t\t\t\t<div class=\"elementor-element elementor-element-7747d4a elementor-align-left elementor-widget elementor-widget-button\" data-id=\"7747d4a\" data-element_type=\"widget\" data-e-type=\"widget\" data-widget_type=\"button.default\">\n\t\t\t\t<div class=\"elementor-widget-container\">\n\t\t\t\t\t\t\t\t\t<div class=\"elementor-button-wrapper\">\n\t\t\t\t\t<a class=\"elementor-button elementor-button-link elementor-size-sm\" href=\"https:\/\/kurikulum.aidetem.cz\/vypis-vseho\/\">\n\t\t\t\t\t\t<span class=\"elementor-button-content-wrapper\">\n\t\t\t\t\t\t\t\t\t<span class=\"elementor-button-text\">Prejs\u0165 na zoznam v\u0161etk\u00fdch materi\u00e1lov<\/span>\n\t\t\t\t\t<\/span>\n\t\t\t\t\t<\/a>\n\t\t\t\t<\/div>\n\t\t\t\t\t\t\t\t<\/div>\n\t\t\t\t<\/div>\n\t\t\t\t\t<\/div>\n\t\t<\/div>\n\t\t\t\t\t<\/div>\n\t\t<\/section>\n\t\t\t\t<\/div>\n\t\t","protected":false},"excerpt":{"rendered":"<p>Pracovn\u00e9 h\u00e1rky a umel\u00e1 inteligencia v projektoch Metodiky projektu a pracovn\u00e9 listy sl\u00fa\u017eia ako n\u00e1vod na to, ako pou\u017e\u00edva\u0165 generat\u00edvne aplik\u00e1cie umelej inteligencie na zlep\u0161enie \u017eivota v \u0161kole. V projektov\u00fdch metodik\u00e1ch uplat\u0148ujeme met\u00f3dy Design Thinking a v hackathonoch vytv\u00e1rame AI asistentov alebo pracujeme s Canvou. Pracovn\u00e9 listy Chatboty vo vzdel\u00e1van\u00ed s\u00fa kompletn\u00fdm \u00favodom do sveta [&hellip;]<\/p>\n","protected":false},"author":1,"featured_media":0,"parent":0,"menu_order":0,"comment_status":"closed","ping_status":"closed","template":"","meta":{"footnotes":""},"class_list":["post-5013","page","type-page","status-publish","hentry"],"yoast_head":"<!-- This site is optimized with the Yoast SEO plugin v27.5 - https:\/\/yoast.com\/product\/yoast-seo-wordpress\/ -->\n<title>AI v projektovom vyu\u010dovan\u00ed a pracovn\u00fdch listoch<\/title>\n<meta name=\"description\" content=\"Metodick\u00e9 materi\u00e1ly u\u010debn\u00fdch osnov umelej inteligencie pre z\u00e1kladn\u00e9 a stredn\u00e9 \u0161koly na pou\u017eitie v projektovom vyu\u010dovan\u00ed a pracovn\u00e9 listy. U\u010debn\u00e9 osnovy umelej inteligencie.\" \/>\n<meta name=\"robots\" content=\"index, follow, max-snippet:-1, max-image-preview:large, max-video-preview:-1\" \/>\n<link rel=\"canonical\" href=\"https:\/\/kurikulum.aidetem.cz\/sk\/projekty-a-pracovne-listy\/\" \/>\n<meta property=\"og:locale\" content=\"sk_SK\" \/>\n<meta property=\"og:type\" content=\"article\" \/>\n<meta property=\"og:title\" content=\"AI v projektovom vyu\u010dovan\u00ed a pracovn\u00fdch listoch\" \/>\n<meta property=\"og:description\" content=\"Metodick\u00e9 materi\u00e1ly u\u010debn\u00fdch osnov umelej inteligencie pre z\u00e1kladn\u00e9 a stredn\u00e9 \u0161koly na pou\u017eitie v projektovom vyu\u010dovan\u00ed a pracovn\u00e9 listy. U\u010debn\u00e9 osnovy umelej inteligencie.\" \/>\n<meta property=\"og:url\" content=\"https:\/\/kurikulum.aidetem.cz\/sk\/projekty-a-pracovne-listy\/\" \/>\n<meta property=\"og:site_name\" content=\"Kurikulum um\u011bl\u00e9 inteligence pro z\u00e1kladn\u00ed a st\u0159edn\u00ed \u0161koly\" \/>\n<meta property=\"article:modified_time\" content=\"2025-03-15T17:30:28+00:00\" \/>\n<meta property=\"og:image\" content=\"https:\/\/kurikulum.aidetem.cz\/wp-content\/uploads\/2025\/01\/4-1024x538.png\" \/>\n<meta name=\"twitter:card\" content=\"summary_large_image\" \/>\n<meta name=\"twitter:label1\" content=\"Predpokladan\u00fd \u010das \u010d\u00edtania\" \/>\n\t<meta name=\"twitter:data1\" content=\"1 min\u00fata\" \/>\n<script type=\"application\/ld+json\" class=\"yoast-schema-graph\">{\"@context\":\"https:\\\/\\\/schema.org\",\"@graph\":[{\"@type\":\"WebPage\",\"@id\":\"https:\\\/\\\/kurikulum.aidetem.cz\\\/sk\\\/projekty-a-pracovne-listy\\\/\",\"url\":\"https:\\\/\\\/kurikulum.aidetem.cz\\\/sk\\\/projekty-a-pracovne-listy\\\/\",\"name\":\"AI v projektovom vyu\u010dovan\u00ed a pracovn\u00fdch listoch\",\"isPartOf\":{\"@id\":\"https:\\\/\\\/kurikulum.aidetem.cz\\\/sk\\\/#website\"},\"datePublished\":\"2025-01-05T10:23:28+00:00\",\"dateModified\":\"2025-03-15T17:30:28+00:00\",\"description\":\"Metodick\u00e9 materi\u00e1ly u\u010debn\u00fdch osnov umelej inteligencie pre z\u00e1kladn\u00e9 a stredn\u00e9 \u0161koly na pou\u017eitie v projektovom vyu\u010dovan\u00ed a pracovn\u00e9 listy. U\u010debn\u00e9 osnovy umelej inteligencie.\",\"inLanguage\":\"sk-SK\",\"potentialAction\":[{\"@type\":\"ReadAction\",\"target\":[\"https:\\\/\\\/kurikulum.aidetem.cz\\\/sk\\\/projekty-a-pracovne-listy\\\/\"]}]},{\"@type\":\"WebSite\",\"@id\":\"https:\\\/\\\/kurikulum.aidetem.cz\\\/sk\\\/#website\",\"url\":\"https:\\\/\\\/kurikulum.aidetem.cz\\\/sk\\\/\",\"name\":\"Kurikulum um\u011bl\u00e9 inteligence pro z\u00e1kladn\u00ed a st\u0159edn\u00ed \u0161koly\",\"description\":\"AI kurikulum pro Z\u0160 a S\u0160\",\"potentialAction\":[{\"@type\":\"SearchAction\",\"target\":{\"@type\":\"EntryPoint\",\"urlTemplate\":\"https:\\\/\\\/kurikulum.aidetem.cz\\\/sk\\\/?s={search_term_string}\"},\"query-input\":{\"@type\":\"PropertyValueSpecification\",\"valueRequired\":true,\"valueName\":\"search_term_string\"}}],\"inLanguage\":\"sk-SK\"}]}<\/script>\n<!-- \/ Yoast SEO plugin. -->","yoast_head_json":{"title":"AI v projektovom vyu\u010dovan\u00ed a pracovn\u00fdch listoch","description":"Metodick\u00e9 materi\u00e1ly u\u010debn\u00fdch osnov umelej inteligencie pre z\u00e1kladn\u00e9 a stredn\u00e9 \u0161koly na pou\u017eitie v projektovom vyu\u010dovan\u00ed a pracovn\u00e9 listy. U\u010debn\u00e9 osnovy umelej inteligencie.","robots":{"index":"index","follow":"follow","max-snippet":"max-snippet:-1","max-image-preview":"max-image-preview:large","max-video-preview":"max-video-preview:-1"},"canonical":"https:\/\/kurikulum.aidetem.cz\/sk\/projekty-a-pracovne-listy\/","og_locale":"sk_SK","og_type":"article","og_title":"AI v projektovom vyu\u010dovan\u00ed a pracovn\u00fdch listoch","og_description":"Metodick\u00e9 materi\u00e1ly u\u010debn\u00fdch osnov umelej inteligencie pre z\u00e1kladn\u00e9 a stredn\u00e9 \u0161koly na pou\u017eitie v projektovom vyu\u010dovan\u00ed a pracovn\u00e9 listy. U\u010debn\u00e9 osnovy umelej inteligencie.","og_url":"https:\/\/kurikulum.aidetem.cz\/sk\/projekty-a-pracovne-listy\/","og_site_name":"Kurikulum um\u011bl\u00e9 inteligence pro z\u00e1kladn\u00ed a st\u0159edn\u00ed \u0161koly","article_modified_time":"2025-03-15T17:30:28+00:00","og_image":[{"url":"https:\/\/kurikulum.aidetem.cz\/wp-content\/uploads\/2025\/01\/4-1024x538.png","type":"","width":"","height":""}],"twitter_card":"summary_large_image","twitter_misc":{"Predpokladan\u00fd \u010das \u010d\u00edtania":"1 min\u00fata"},"schema":{"@context":"https:\/\/schema.org","@graph":[{"@type":"WebPage","@id":"https:\/\/kurikulum.aidetem.cz\/sk\/projekty-a-pracovne-listy\/","url":"https:\/\/kurikulum.aidetem.cz\/sk\/projekty-a-pracovne-listy\/","name":"AI v projektovom vyu\u010dovan\u00ed a pracovn\u00fdch listoch","isPartOf":{"@id":"https:\/\/kurikulum.aidetem.cz\/sk\/#website"},"datePublished":"2025-01-05T10:23:28+00:00","dateModified":"2025-03-15T17:30:28+00:00","description":"Metodick\u00e9 materi\u00e1ly u\u010debn\u00fdch osnov umelej inteligencie pre z\u00e1kladn\u00e9 a stredn\u00e9 \u0161koly na pou\u017eitie v projektovom vyu\u010dovan\u00ed a pracovn\u00e9 listy. U\u010debn\u00e9 osnovy umelej inteligencie.","inLanguage":"sk-SK","potentialAction":[{"@type":"ReadAction","target":["https:\/\/kurikulum.aidetem.cz\/sk\/projekty-a-pracovne-listy\/"]}]},{"@type":"WebSite","@id":"https:\/\/kurikulum.aidetem.cz\/sk\/#website","url":"https:\/\/kurikulum.aidetem.cz\/sk\/","name":"Kurikulum um\u011bl\u00e9 inteligence pro z\u00e1kladn\u00ed a st\u0159edn\u00ed \u0161koly","description":"AI kurikulum pro Z\u0160 a S\u0160","potentialAction":[{"@type":"SearchAction","target":{"@type":"EntryPoint","urlTemplate":"https:\/\/kurikulum.aidetem.cz\/sk\/?s={search_term_string}"},"query-input":{"@type":"PropertyValueSpecification","valueRequired":true,"valueName":"search_term_string"}}],"inLanguage":"sk-SK"}]}},"_links":{"self":[{"href":"https:\/\/kurikulum.aidetem.cz\/sk\/wp-json\/wp\/v2\/pages\/5013","targetHints":{"allow":["GET"]}}],"collection":[{"href":"https:\/\/kurikulum.aidetem.cz\/sk\/wp-json\/wp\/v2\/pages"}],"about":[{"href":"https:\/\/kurikulum.aidetem.cz\/sk\/wp-json\/wp\/v2\/types\/page"}],"author":[{"embeddable":true,"href":"https:\/\/kurikulum.aidetem.cz\/sk\/wp-json\/wp\/v2\/users\/1"}],"replies":[{"embeddable":true,"href":"https:\/\/kurikulum.aidetem.cz\/sk\/wp-json\/wp\/v2\/comments?post=5013"}],"version-history":[{"count":1,"href":"https:\/\/kurikulum.aidetem.cz\/sk\/wp-json\/wp\/v2\/pages\/5013\/revisions"}],"predecessor-version":[{"id":5014,"href":"https:\/\/kurikulum.aidetem.cz\/sk\/wp-json\/wp\/v2\/pages\/5013\/revisions\/5014"}],"wp:attachment":[{"href":"https:\/\/kurikulum.aidetem.cz\/sk\/wp-json\/wp\/v2\/media?parent=5013"}],"curies":[{"name":"wp","href":"https:\/\/api.w.org\/{rel}","templated":true}]}}