{"id":5004,"date":"2024-01-02T18:18:09","date_gmt":"2024-01-02T17:18:09","guid":{"rendered":"https:\/\/kurikulum.aidetem.cz\/ju-a-pi-metodicke-materialy-pre-informatiku-na-1-stupni\/"},"modified":"2025-03-15T18:27:39","modified_gmt":"2025-03-15T17:27:39","slug":"ju-a-pi-metodicke-materialy-pre-informatiku-na-1-stupni","status":"publish","type":"page","link":"https:\/\/kurikulum.aidetem.cz\/sk\/ju-a-pi-metodicke-materialy-pre-informatiku-na-1-stupni\/","title":{"rendered":"Ju a Pi &#8211; metodick\u00e9 materi\u00e1ly pre informatiku na 1. stupni"},"content":{"rendered":"\t\t<div data-elementor-type=\"wp-page\" data-elementor-id=\"5004\" class=\"elementor elementor-5004 elementor-750\" data-elementor-post-type=\"page\">\n\t\t\t\t\t\t<section class=\"elementor-section elementor-top-section elementor-element elementor-element-495b7f32 elementor-section-boxed elementor-section-height-default elementor-section-height-default\" data-id=\"495b7f32\" data-element_type=\"section\" data-e-type=\"section\">\n\t\t\t\t\t\t<div class=\"elementor-container elementor-column-gap-default\">\n\t\t\t\t\t<div class=\"elementor-column elementor-col-100 elementor-top-column elementor-element elementor-element-35efd92e\" data-id=\"35efd92e\" data-element_type=\"column\" data-e-type=\"column\">\n\t\t\t<div class=\"elementor-widget-wrap elementor-element-populated\">\n\t\t\t\t\t\t<div class=\"elementor-element elementor-element-4af1b5d0 elementor-hidden-mobile elementor-widget elementor-widget-spacer\" data-id=\"4af1b5d0\" data-element_type=\"widget\" data-e-type=\"widget\" data-widget_type=\"spacer.default\">\n\t\t\t\t<div class=\"elementor-widget-container\">\n\t\t\t\t\t\t\t<div class=\"elementor-spacer\">\n\t\t\t<div class=\"elementor-spacer-inner\"><\/div>\n\t\t<\/div>\n\t\t\t\t\t\t<\/div>\n\t\t\t\t<\/div>\n\t\t\t\t<div class=\"elementor-element elementor-element-3b9d3a09 elementor-widget elementor-widget-heading\" data-id=\"3b9d3a09\" data-element_type=\"widget\" data-e-type=\"widget\" data-widget_type=\"heading.default\">\n\t\t\t\t<div class=\"elementor-widget-container\">\n\t\t\t\t\t<h1 class=\"elementor-heading-title elementor-size-default\">Umel\u00e1 inteligencia v informatike na prvom stupni  <br><\/h1>\t\t\t\t<\/div>\n\t\t\t\t<\/div>\n\t\t\t\t<section class=\"elementor-section elementor-inner-section elementor-element elementor-element-2970f5c elementor-section-boxed elementor-section-height-default elementor-section-height-default\" data-id=\"2970f5c\" data-element_type=\"section\" data-e-type=\"section\">\n\t\t\t\t\t\t<div class=\"elementor-container elementor-column-gap-default\">\n\t\t\t\t\t<div class=\"elementor-column elementor-col-33 elementor-inner-column elementor-element elementor-element-08fa6eb\" data-id=\"08fa6eb\" data-element_type=\"column\" data-e-type=\"column\">\n\t\t\t<div class=\"elementor-widget-wrap elementor-element-populated\">\n\t\t\t\t\t\t<div class=\"elementor-element elementor-element-17133bd8 elementor-widget elementor-widget-heading\" data-id=\"17133bd8\" data-element_type=\"widget\" data-e-type=\"widget\" data-widget_type=\"heading.default\">\n\t\t\t\t<div class=\"elementor-widget-container\">\n\t\t\t\t\t<h4 class=\"elementor-heading-title elementor-size-default\">Komplexn\u00e1 koncepcia vzdel\u00e1vania v oblasti UI pre informatiku na 1. stupni (ide\u00e1lne 3. a 4. ro\u010dn\u00edk), ktor\u00fa pon\u00fakame ako s\u00fa\u010das\u0165 u\u010debn\u00fdch osnov UI pre z\u00e1kladn\u00e9 a stredn\u00e9 \u0161koly, sa naz\u00fdva Ju a Pi. Ide o celkovo dev\u00e4\u0165 metodick\u00fdch materi\u00e1lov na vyu\u010dovacie hodiny v celkovej d\u013a\u017eke 45-90 min\u00fat. Pr\u00edbehy a aktivity s robotmi Ju a Pi, ktor\u00ed ve\u013emi chc\u00fa pom\u00e1ha\u0165 \u013eu\u010fom, ale \u010dasto sa m\u00fdlia, sprev\u00e1dzaj\u00fa deti pojmami d\u00e1ta, strojov\u00e9 u\u010denie, zaujatos\u0165, jazykov\u00e9 modely a inteligencia okolia.  <\/h4>\t\t\t\t<\/div>\n\t\t\t\t<\/div>\n\t\t\t\t<div class=\"elementor-element elementor-element-9d2049c elementor-widget elementor-widget-heading\" data-id=\"9d2049c\" data-element_type=\"widget\" data-e-type=\"widget\" data-widget_type=\"heading.default\">\n\t\t\t\t<div class=\"elementor-widget-container\">\n\t\t\t\t\t<h4 class=\"elementor-heading-title elementor-size-default\">V Ju a Pi nepou\u017e\u00edvame \u017eiadne vybavenie, deti pracuj\u00fa len s papierom.  <\/h4>\t\t\t\t<\/div>\n\t\t\t\t<\/div>\n\t\t\t\t\t<\/div>\n\t\t<\/div>\n\t\t\t\t<div class=\"elementor-column elementor-col-33 elementor-inner-column elementor-element elementor-element-8e5488b\" data-id=\"8e5488b\" data-element_type=\"column\" data-e-type=\"column\">\n\t\t\t<div class=\"elementor-widget-wrap\">\n\t\t\t\t\t\t\t<\/div>\n\t\t<\/div>\n\t\t\t\t<div class=\"elementor-column elementor-col-33 elementor-inner-column elementor-element elementor-element-1a4a997\" data-id=\"1a4a997\" data-element_type=\"column\" data-e-type=\"column\">\n\t\t\t<div class=\"elementor-widget-wrap elementor-element-populated\">\n\t\t\t\t\t\t<div class=\"elementor-element elementor-element-ba96690 elementor-widget__width-initial elementor-widget elementor-widget-image\" data-id=\"ba96690\" data-element_type=\"widget\" data-e-type=\"widget\" data-widget_type=\"image.default\">\n\t\t\t\t<div class=\"elementor-widget-container\">\n\t\t\t\t\t\t\t\t\t\t\t\t\t\t\t<img fetchpriority=\"high\" decoding=\"async\" width=\"700\" height=\"700\" src=\"https:\/\/kurikulum.aidetem.cz\/wp-content\/uploads\/2024\/02\/square_jupi-1024x1024.jpg\" class=\"attachment-large size-large wp-image-5145\" alt=\"\" srcset=\"https:\/\/kurikulum.aidetem.cz\/wp-content\/uploads\/2024\/02\/square_jupi-1024x1024.jpg 1024w, https:\/\/kurikulum.aidetem.cz\/wp-content\/uploads\/2024\/02\/square_jupi-300x300.jpg 300w, https:\/\/kurikulum.aidetem.cz\/wp-content\/uploads\/2024\/02\/square_jupi-150x150.jpg 150w, https:\/\/kurikulum.aidetem.cz\/wp-content\/uploads\/2024\/02\/square_jupi-768x768.jpg 768w, https:\/\/kurikulum.aidetem.cz\/wp-content\/uploads\/2024\/02\/square_jupi-1536x1536.jpg 1536w, https:\/\/kurikulum.aidetem.cz\/wp-content\/uploads\/2024\/02\/square_jupi.jpg 1542w\" sizes=\"(max-width: 700px) 100vw, 700px\" \/>\t\t\t\t\t\t\t\t\t\t\t\t\t\t\t<\/div>\n\t\t\t\t<\/div>\n\t\t\t\t\t<\/div>\n\t\t<\/div>\n\t\t\t\t\t<\/div>\n\t\t<\/section>\n\t\t\t\t<div class=\"elementor-element elementor-element-8a3a528 elementor-widget elementor-widget-heading\" data-id=\"8a3a528\" data-element_type=\"widget\" data-e-type=\"widget\" data-widget_type=\"heading.default\">\n\t\t\t\t<div class=\"elementor-widget-container\">\n\t\t\t\t\t<h3 class=\"elementor-heading-title elementor-size-default\">Mapa u\u010debn\u00e9ho pokroku - Ju a Pi<\/h3>\t\t\t\t<\/div>\n\t\t\t\t<\/div>\n\t\t\t\t<div class=\"elementor-element elementor-element-0d3cd93 elementor-widget elementor-widget-heading\" data-id=\"0d3cd93\" data-element_type=\"widget\" data-e-type=\"widget\" data-widget_type=\"heading.default\">\n\t\t\t\t<div class=\"elementor-widget-container\">\n\t\t\t\t\t<p class=\"elementor-heading-title elementor-size-default\">Mapa u\u010debn\u00e9ho pokroku definuje pojmy, ktor\u00e9 by mali deti pochopi\u0165 na 1. stupni z\u00e1kladnej \u0161koly. Minim\u00e1lne odpor\u00fa\u010dan\u00e9 pojmy s\u00fa \u00faplne modr\u00e9, odpor\u00fa\u010dan\u00e9 pojmy s\u00fa \u00faplne biele. Ku ka\u017ed\u00e9mu pojmu bol vypracovan\u00fd metodick\u00fd materi\u00e1l.  <\/p>\t\t\t\t<\/div>\n\t\t\t\t<\/div>\n\t\t\t\t<div class=\"elementor-element elementor-element-224d3b0 elementor-widget elementor-widget-image\" data-id=\"224d3b0\" data-element_type=\"widget\" data-e-type=\"widget\" data-widget_type=\"image.default\">\n\t\t\t\t<div class=\"elementor-widget-container\">\n\t\t\t\t\t\t\t\t\t\t\t\t\t\t\t<img decoding=\"async\" width=\"1457\" height=\"303\" src=\"https:\/\/kurikulum.aidetem.cz\/wp-content\/uploads\/2024\/02\/AIK_mup_ju-pi_06.png\" class=\"attachment-full size-full wp-image-5009\" alt=\"\" srcset=\"https:\/\/kurikulum.aidetem.cz\/wp-content\/uploads\/2024\/02\/AIK_mup_ju-pi_06.png 1457w, https:\/\/kurikulum.aidetem.cz\/wp-content\/uploads\/2024\/02\/AIK_mup_ju-pi_06-300x62.png 300w, https:\/\/kurikulum.aidetem.cz\/wp-content\/uploads\/2024\/02\/AIK_mup_ju-pi_06-1024x213.png 1024w, https:\/\/kurikulum.aidetem.cz\/wp-content\/uploads\/2024\/02\/AIK_mup_ju-pi_06-768x160.png 768w\" sizes=\"(max-width: 1457px) 100vw, 1457px\" \/>\t\t\t\t\t\t\t\t\t\t\t\t\t\t\t<\/div>\n\t\t\t\t<\/div>\n\t\t\t\t<div class=\"elementor-element elementor-element-b80fb2d elementor-widget elementor-widget-heading\" data-id=\"b80fb2d\" data-element_type=\"widget\" data-e-type=\"widget\" data-widget_type=\"heading.default\">\n\t\t\t\t<div class=\"elementor-widget-container\">\n\t\t\t\t\t<h2 class=\"elementor-heading-title elementor-size-default\">Metodick\u00e9 materi\u00e1ly<\/h2>\t\t\t\t<\/div>\n\t\t\t\t<\/div>\n\t\t\t\t<div class=\"elementor-element elementor-element-be52aad elementor-widget elementor-widget-heading\" data-id=\"be52aad\" data-element_type=\"widget\" data-e-type=\"widget\" data-widget_type=\"heading.default\">\n\t\t\t\t<div class=\"elementor-widget-container\">\n\t\t\t\t\t<p class=\"elementor-heading-title elementor-size-default\">Za v\u0161etky materi\u00e1ly by sme v\u00e1m boli ve\u013emi v\u010fa\u010dn\u00ed. <a href=\"https:\/\/forms.gle\/WyFN2k3PvHz6oyhF6\" target=\"_blank\"><u>sp\u00e4tn\u00fa v\u00e4zbu<\/u><\/a> prostredn\u00edctvom formul\u00e1ra pre pripomienky.  <\/p>\t\t\t\t<\/div>\n\t\t\t\t<\/div>\n\t\t\t\t<div class=\"elementor-element elementor-element-971ec61 elementor-widget elementor-widget-spacer\" data-id=\"971ec61\" data-element_type=\"widget\" data-e-type=\"widget\" data-widget_type=\"spacer.default\">\n\t\t\t\t<div class=\"elementor-widget-container\">\n\t\t\t\t\t\t\t<div class=\"elementor-spacer\">\n\t\t\t<div class=\"elementor-spacer-inner\"><\/div>\n\t\t<\/div>\n\t\t\t\t\t\t<\/div>\n\t\t\t\t<\/div>\n\t\t\t\t\t<\/div>\n\t\t<\/div>\n\t\t\t\t\t<\/div>\n\t\t<\/section>\n\t\t\t\t<section class=\"elementor-section elementor-top-section elementor-element elementor-element-567840c elementor-section-full_width elementor-section-height-default elementor-section-height-default\" data-id=\"567840c\" data-element_type=\"section\" data-e-type=\"section\">\n\t\t\t\t\t\t<div class=\"elementor-container elementor-column-gap-narrow\">\n\t\t\t\t\t<div class=\"elementor-column elementor-col-100 elementor-top-column elementor-element elementor-element-128bc33\" data-id=\"128bc33\" data-element_type=\"column\" data-e-type=\"column\">\n\t\t\t<div class=\"elementor-widget-wrap elementor-element-populated\">\n\t\t\t\t\t\t\t<\/div>\n\t\t<\/div>\n\t\t\t\t\t<\/div>\n\t\t<\/section>\n\t\t\t\t<section class=\"elementor-section elementor-top-section elementor-element elementor-element-92121e6 elementor-section-boxed elementor-section-height-default elementor-section-height-default\" data-id=\"92121e6\" data-element_type=\"section\" data-e-type=\"section\">\n\t\t\t\t\t\t<div class=\"elementor-container elementor-column-gap-default\">\n\t\t\t\t\t<div class=\"elementor-column elementor-col-100 elementor-top-column elementor-element elementor-element-7b332ba\" data-id=\"7b332ba\" data-element_type=\"column\" data-e-type=\"column\">\n\t\t\t<div class=\"elementor-widget-wrap elementor-element-populated\">\n\t\t\t\t\t\t<div class=\"elementor-element elementor-element-a235d09 elementor-widget elementor-widget-heading\" data-id=\"a235d09\" data-element_type=\"widget\" data-e-type=\"widget\" data-widget_type=\"heading.default\">\n\t\t\t\t<div class=\"elementor-widget-container\">\n\t\t\t\t\t<h2 class=\"elementor-heading-title elementor-size-default\">\u00davodn\u00fd webin\u00e1r Umel\u00e1 inteligencia v informatike na 1. stupni Z\u0160<\/h2>\t\t\t\t<\/div>\n\t\t\t\t<\/div>\n\t\t\t\t<div class=\"elementor-element elementor-element-845d6cb elementor-widget elementor-widget-video\" data-id=\"845d6cb\" data-element_type=\"widget\" data-e-type=\"widget\" data-settings=\"{&quot;youtube_url&quot;:&quot;https:\\\/\\\/youtu.be\\\/wUF4QtSL_QY?si=wp3CdS9bZ2oPYEM7&quot;,&quot;video_type&quot;:&quot;youtube&quot;,&quot;controls&quot;:&quot;yes&quot;}\" data-widget_type=\"video.default\">\n\t\t\t\t<div class=\"elementor-widget-container\">\n\t\t\t\t\t\t\t<div class=\"elementor-wrapper elementor-open-inline\">\n\t\t\t<div class=\"elementor-video\"><\/div>\t\t<\/div>\n\t\t\t\t\t\t<\/div>\n\t\t\t\t<\/div>\n\t\t\t\t\t<\/div>\n\t\t<\/div>\n\t\t\t\t\t<\/div>\n\t\t<\/section>\n\t\t\t\t<section class=\"elementor-section elementor-top-section elementor-element elementor-element-0098fdd elementor-section-boxed elementor-section-height-default elementor-section-height-default\" data-id=\"0098fdd\" data-element_type=\"section\" data-e-type=\"section\">\n\t\t\t\t\t\t<div class=\"elementor-container elementor-column-gap-default\">\n\t\t\t\t\t<div class=\"elementor-column elementor-col-100 elementor-top-column elementor-element elementor-element-f2c1d33\" data-id=\"f2c1d33\" data-element_type=\"column\" data-e-type=\"column\">\n\t\t\t<div class=\"elementor-widget-wrap elementor-element-populated\">\n\t\t\t\t\t\t<div class=\"elementor-element elementor-element-f3acc3e elementor-align-left elementor-widget elementor-widget-button\" data-id=\"f3acc3e\" data-element_type=\"widget\" data-e-type=\"widget\" data-widget_type=\"button.default\">\n\t\t\t\t<div class=\"elementor-widget-container\">\n\t\t\t\t\t\t\t\t\t<div class=\"elementor-button-wrapper\">\n\t\t\t\t\t<a class=\"elementor-button elementor-button-link elementor-size-sm\" href=\"https:\/\/kurikulum.aidetem.cz\/ai-pro-informatiku-na-2-stupni\/\" target=\"_blank\">\n\t\t\t\t\t\t<span class=\"elementor-button-content-wrapper\">\n\t\t\t\t\t\t\t\t\t<span class=\"elementor-button-text\">Prejs\u0165 na informatiku na \u00farovni 2<\/span>\n\t\t\t\t\t<\/span>\n\t\t\t\t\t<\/a>\n\t\t\t\t<\/div>\n\t\t\t\t\t\t\t\t<\/div>\n\t\t\t\t<\/div>\n\t\t\t\t\t<\/div>\n\t\t<\/div>\n\t\t\t\t\t<\/div>\n\t\t<\/section>\n\t\t\t\t<\/div>\n\t\t","protected":false},"excerpt":{"rendered":"<p>Umel\u00e1 inteligencia v informatike na prvom stupni Komplexn\u00e1 koncepcia vzdel\u00e1vania v oblasti UI pre informatiku na 1. stupni (ide\u00e1lne 3. a 4. ro\u010dn\u00edk), ktor\u00fa pon\u00fakame ako s\u00fa\u010das\u0165 u\u010debn\u00fdch osnov UI pre z\u00e1kladn\u00e9 a stredn\u00e9 \u0161koly, sa naz\u00fdva Ju a Pi. Ide o celkovo dev\u00e4\u0165 metodick\u00fdch materi\u00e1lov na vyu\u010dovacie hodiny v celkovej d\u013a\u017eke 45-90 min\u00fat. Pr\u00edbehy [&hellip;]<\/p>\n","protected":false},"author":1,"featured_media":0,"parent":0,"menu_order":0,"comment_status":"closed","ping_status":"closed","template":"","meta":{"footnotes":""},"class_list":["post-5004","page","type-page","status-publish","hentry"],"yoast_head":"<!-- This site is optimized with the Yoast SEO plugin v27.4 - https:\/\/yoast.com\/product\/yoast-seo-wordpress\/ -->\n<title>Ju a Pi - metodick\u00e9 materi\u00e1ly pre informatiku na 1. stupni<\/title>\n<meta name=\"description\" content=\"Metodick\u00e9 materi\u00e1ly Ju a Pi - UI na hodin\u00e1ch informatiky pre 1. stupe\u0148 Z\u0160 - ucelen\u00e1 koncepcia vzdel\u00e1vania pre umel\u00fa inteligenciu (UI).\" \/>\n<meta name=\"robots\" content=\"index, follow, max-snippet:-1, max-image-preview:large, max-video-preview:-1\" \/>\n<link rel=\"canonical\" href=\"https:\/\/kurikulum.aidetem.cz\/sk\/ju-a-pi-metodicke-materialy-pre-informatiku-na-1-stupni\/\" \/>\n<meta property=\"og:locale\" content=\"sk_SK\" \/>\n<meta property=\"og:type\" content=\"article\" \/>\n<meta property=\"og:title\" content=\"Ju a Pi - metodick\u00e9 materi\u00e1ly pre informatiku na 1. stupni\" \/>\n<meta property=\"og:description\" content=\"Metodick\u00e9 materi\u00e1ly Ju a Pi - UI na hodin\u00e1ch informatiky pre 1. stupe\u0148 Z\u0160 - ucelen\u00e1 koncepcia vzdel\u00e1vania pre umel\u00fa inteligenciu (UI).\" \/>\n<meta property=\"og:url\" content=\"https:\/\/kurikulum.aidetem.cz\/sk\/ju-a-pi-metodicke-materialy-pre-informatiku-na-1-stupni\/\" \/>\n<meta property=\"og:site_name\" content=\"Kurikulum um\u011bl\u00e9 inteligence pro z\u00e1kladn\u00ed a st\u0159edn\u00ed \u0161koly\" \/>\n<meta property=\"article:modified_time\" content=\"2025-03-15T17:27:39+00:00\" \/>\n<meta property=\"og:image\" content=\"https:\/\/kurikulum.aidetem.cz\/wp-content\/uploads\/2025\/01\/6-1024x538.png\" \/>\n<meta name=\"twitter:card\" content=\"summary_large_image\" \/>\n<meta name=\"twitter:label1\" content=\"Predpokladan\u00fd \u010das \u010d\u00edtania\" \/>\n\t<meta name=\"twitter:data1\" content=\"1 min\u00fata\" \/>\n<script type=\"application\/ld+json\" class=\"yoast-schema-graph\">{\"@context\":\"https:\\\/\\\/schema.org\",\"@graph\":[{\"@type\":\"WebPage\",\"@id\":\"https:\\\/\\\/kurikulum.aidetem.cz\\\/sk\\\/ju-a-pi-metodicke-materialy-pre-informatiku-na-1-stupni\\\/\",\"url\":\"https:\\\/\\\/kurikulum.aidetem.cz\\\/sk\\\/ju-a-pi-metodicke-materialy-pre-informatiku-na-1-stupni\\\/\",\"name\":\"Ju a Pi - metodick\u00e9 materi\u00e1ly pre informatiku na 1. stupni\",\"isPartOf\":{\"@id\":\"https:\\\/\\\/kurikulum.aidetem.cz\\\/sk\\\/#website\"},\"primaryImageOfPage\":{\"@id\":\"https:\\\/\\\/kurikulum.aidetem.cz\\\/sk\\\/ju-a-pi-metodicke-materialy-pre-informatiku-na-1-stupni\\\/#primaryimage\"},\"image\":{\"@id\":\"https:\\\/\\\/kurikulum.aidetem.cz\\\/sk\\\/ju-a-pi-metodicke-materialy-pre-informatiku-na-1-stupni\\\/#primaryimage\"},\"thumbnailUrl\":\"https:\\\/\\\/kurikulum.aidetem.cz\\\/wp-content\\\/uploads\\\/2024\\\/02\\\/square_jupi-1024x1024.jpg\",\"datePublished\":\"2024-01-02T17:18:09+00:00\",\"dateModified\":\"2025-03-15T17:27:39+00:00\",\"description\":\"Metodick\u00e9 materi\u00e1ly Ju a Pi - UI na hodin\u00e1ch informatiky pre 1. stupe\u0148 Z\u0160 - ucelen\u00e1 koncepcia vzdel\u00e1vania pre umel\u00fa inteligenciu (UI).\",\"inLanguage\":\"sk-SK\",\"potentialAction\":[{\"@type\":\"ReadAction\",\"target\":[\"https:\\\/\\\/kurikulum.aidetem.cz\\\/sk\\\/ju-a-pi-metodicke-materialy-pre-informatiku-na-1-stupni\\\/\"]}]},{\"@type\":\"ImageObject\",\"inLanguage\":\"sk-SK\",\"@id\":\"https:\\\/\\\/kurikulum.aidetem.cz\\\/sk\\\/ju-a-pi-metodicke-materialy-pre-informatiku-na-1-stupni\\\/#primaryimage\",\"url\":\"https:\\\/\\\/kurikulum.aidetem.cz\\\/wp-content\\\/uploads\\\/2024\\\/02\\\/square_jupi-1024x1024.jpg\",\"contentUrl\":\"https:\\\/\\\/kurikulum.aidetem.cz\\\/wp-content\\\/uploads\\\/2024\\\/02\\\/square_jupi-1024x1024.jpg\"},{\"@type\":\"WebSite\",\"@id\":\"https:\\\/\\\/kurikulum.aidetem.cz\\\/sk\\\/#website\",\"url\":\"https:\\\/\\\/kurikulum.aidetem.cz\\\/sk\\\/\",\"name\":\"Kurikulum um\u011bl\u00e9 inteligence pro z\u00e1kladn\u00ed a st\u0159edn\u00ed \u0161koly\",\"description\":\"AI kurikulum pro Z\u0160 a S\u0160\",\"potentialAction\":[{\"@type\":\"SearchAction\",\"target\":{\"@type\":\"EntryPoint\",\"urlTemplate\":\"https:\\\/\\\/kurikulum.aidetem.cz\\\/sk\\\/?s={search_term_string}\"},\"query-input\":{\"@type\":\"PropertyValueSpecification\",\"valueRequired\":true,\"valueName\":\"search_term_string\"}}],\"inLanguage\":\"sk-SK\"}]}<\/script>\n<!-- \/ Yoast SEO plugin. -->","yoast_head_json":{"title":"Ju a Pi - metodick\u00e9 materi\u00e1ly pre informatiku na 1. stupni","description":"Metodick\u00e9 materi\u00e1ly Ju a Pi - UI na hodin\u00e1ch informatiky pre 1. stupe\u0148 Z\u0160 - ucelen\u00e1 koncepcia vzdel\u00e1vania pre umel\u00fa inteligenciu (UI).","robots":{"index":"index","follow":"follow","max-snippet":"max-snippet:-1","max-image-preview":"max-image-preview:large","max-video-preview":"max-video-preview:-1"},"canonical":"https:\/\/kurikulum.aidetem.cz\/sk\/ju-a-pi-metodicke-materialy-pre-informatiku-na-1-stupni\/","og_locale":"sk_SK","og_type":"article","og_title":"Ju a Pi - metodick\u00e9 materi\u00e1ly pre informatiku na 1. stupni","og_description":"Metodick\u00e9 materi\u00e1ly Ju a Pi - UI na hodin\u00e1ch informatiky pre 1. stupe\u0148 Z\u0160 - ucelen\u00e1 koncepcia vzdel\u00e1vania pre umel\u00fa inteligenciu (UI).","og_url":"https:\/\/kurikulum.aidetem.cz\/sk\/ju-a-pi-metodicke-materialy-pre-informatiku-na-1-stupni\/","og_site_name":"Kurikulum um\u011bl\u00e9 inteligence pro z\u00e1kladn\u00ed a st\u0159edn\u00ed \u0161koly","article_modified_time":"2025-03-15T17:27:39+00:00","og_image":[{"url":"https:\/\/kurikulum.aidetem.cz\/wp-content\/uploads\/2025\/01\/6-1024x538.png","type":"","width":"","height":""}],"twitter_card":"summary_large_image","twitter_misc":{"Predpokladan\u00fd \u010das \u010d\u00edtania":"1 min\u00fata"},"schema":{"@context":"https:\/\/schema.org","@graph":[{"@type":"WebPage","@id":"https:\/\/kurikulum.aidetem.cz\/sk\/ju-a-pi-metodicke-materialy-pre-informatiku-na-1-stupni\/","url":"https:\/\/kurikulum.aidetem.cz\/sk\/ju-a-pi-metodicke-materialy-pre-informatiku-na-1-stupni\/","name":"Ju a Pi - metodick\u00e9 materi\u00e1ly pre informatiku na 1. stupni","isPartOf":{"@id":"https:\/\/kurikulum.aidetem.cz\/sk\/#website"},"primaryImageOfPage":{"@id":"https:\/\/kurikulum.aidetem.cz\/sk\/ju-a-pi-metodicke-materialy-pre-informatiku-na-1-stupni\/#primaryimage"},"image":{"@id":"https:\/\/kurikulum.aidetem.cz\/sk\/ju-a-pi-metodicke-materialy-pre-informatiku-na-1-stupni\/#primaryimage"},"thumbnailUrl":"https:\/\/kurikulum.aidetem.cz\/wp-content\/uploads\/2024\/02\/square_jupi-1024x1024.jpg","datePublished":"2024-01-02T17:18:09+00:00","dateModified":"2025-03-15T17:27:39+00:00","description":"Metodick\u00e9 materi\u00e1ly Ju a Pi - UI na hodin\u00e1ch informatiky pre 1. stupe\u0148 Z\u0160 - ucelen\u00e1 koncepcia vzdel\u00e1vania pre umel\u00fa inteligenciu (UI).","inLanguage":"sk-SK","potentialAction":[{"@type":"ReadAction","target":["https:\/\/kurikulum.aidetem.cz\/sk\/ju-a-pi-metodicke-materialy-pre-informatiku-na-1-stupni\/"]}]},{"@type":"ImageObject","inLanguage":"sk-SK","@id":"https:\/\/kurikulum.aidetem.cz\/sk\/ju-a-pi-metodicke-materialy-pre-informatiku-na-1-stupni\/#primaryimage","url":"https:\/\/kurikulum.aidetem.cz\/wp-content\/uploads\/2024\/02\/square_jupi-1024x1024.jpg","contentUrl":"https:\/\/kurikulum.aidetem.cz\/wp-content\/uploads\/2024\/02\/square_jupi-1024x1024.jpg"},{"@type":"WebSite","@id":"https:\/\/kurikulum.aidetem.cz\/sk\/#website","url":"https:\/\/kurikulum.aidetem.cz\/sk\/","name":"Kurikulum um\u011bl\u00e9 inteligence pro z\u00e1kladn\u00ed a st\u0159edn\u00ed \u0161koly","description":"AI kurikulum pro Z\u0160 a S\u0160","potentialAction":[{"@type":"SearchAction","target":{"@type":"EntryPoint","urlTemplate":"https:\/\/kurikulum.aidetem.cz\/sk\/?s={search_term_string}"},"query-input":{"@type":"PropertyValueSpecification","valueRequired":true,"valueName":"search_term_string"}}],"inLanguage":"sk-SK"}]}},"_links":{"self":[{"href":"https:\/\/kurikulum.aidetem.cz\/sk\/wp-json\/wp\/v2\/pages\/5004","targetHints":{"allow":["GET"]}}],"collection":[{"href":"https:\/\/kurikulum.aidetem.cz\/sk\/wp-json\/wp\/v2\/pages"}],"about":[{"href":"https:\/\/kurikulum.aidetem.cz\/sk\/wp-json\/wp\/v2\/types\/page"}],"author":[{"embeddable":true,"href":"https:\/\/kurikulum.aidetem.cz\/sk\/wp-json\/wp\/v2\/users\/1"}],"replies":[{"embeddable":true,"href":"https:\/\/kurikulum.aidetem.cz\/sk\/wp-json\/wp\/v2\/comments?post=5004"}],"version-history":[{"count":1,"href":"https:\/\/kurikulum.aidetem.cz\/sk\/wp-json\/wp\/v2\/pages\/5004\/revisions"}],"predecessor-version":[{"id":5012,"href":"https:\/\/kurikulum.aidetem.cz\/sk\/wp-json\/wp\/v2\/pages\/5004\/revisions\/5012"}],"wp:attachment":[{"href":"https:\/\/kurikulum.aidetem.cz\/sk\/wp-json\/wp\/v2\/media?parent=5004"}],"curies":[{"name":"wp","href":"https:\/\/api.w.org\/{rel}","templated":true}]}}